{"id":727,"date":"2010-02-11T16:04:10","date_gmt":"2010-02-11T16:04:10","guid":{"rendered":"http:\/\/www.imediautama.com\/agivee\/?page_id=7"},"modified":"2020-01-28T15:25:17","modified_gmt":"2020-01-28T18:25:17","slug":"servicos-profissionais","status":"publish","type":"page","link":"https:\/\/www.2atecnologia.com.br\/new\/index.php\/servicos-profissionais\/","title":{"rendered":"Servi\u00e7os"},"content":{"rendered":"<h3>Servi\u00e7os Profissionais<\/h3>\n<figure class=\"wp-block-image size-large is-resized\"><img loading=\"lazy\" decoding=\"async\" src=\"http:\/\/www.2atecnologia.com.br\/new\/wp-content\/uploads\/2010\/10\/Zebra_mobiles.png\" alt=\"\" class=\"wp-image-5770\" width=\"573\" height=\"388\" srcset=\"https:\/\/www.2atecnologia.com.br\/new\/wp-content\/uploads\/2010\/10\/Zebra_mobiles.png 900w, https:\/\/www.2atecnologia.com.br\/new\/wp-content\/uploads\/2010\/10\/Zebra_mobiles-300x203.png 300w, https:\/\/www.2atecnologia.com.br\/new\/wp-content\/uploads\/2010\/10\/Zebra_mobiles-200x136.png 200w\" sizes=\"auto, (max-width: 573px) 100vw, 573px\" \/><\/figure>\n<ul class=\"wp-block-list\">\n<li><a href=\"http:\/\/www.2atecnologia.com.br\/new\/index.php\/aluguel-de-coletores-de-dados\/\">Aluguel de Coletores RFs, Impressoras e Leitores de c\u00f3digo de barras<\/a><\/li>\n<li><a href=\"http:\/\/www.2atecnologia.com.br\/new\/index.php\/servicos-profissionais\/aplicacoes-customizadas\/\">Desenvolvimento de aplicativos mobile<\/a><\/li>\n<li><a href=\"http:\/\/www.2atecnologia.com.br\/new\/index.php\/servicos-profissionais\/bureau-de-etiquetas-2\/\">Bureau de Etiquetas<\/a><\/li>\n<li><a href=\"http:\/\/www.2atecnologia.com.br\/new\/index.php\/servicos-profissionais\/assistencia-tecnica\/\">Assist\u00eancia T\u00e9cnica<\/a><\/li>\n<li><a href=\"http:\/\/www.2atecnologia.com.br\/new\/index.php\/suporte-tecnico\/\">Suporte T\u00e9cnico<\/a><\/li>\n<\/ul>\n","protected":false},"excerpt":{"rendered":"<p>Servi\u00e7os Profissionais Aluguel de Coletores RFs, Impressoras e Leitores de c\u00f3digo de barras Desenvolvimento de aplicativos mobile Bureau de Etiquetas Assist\u00eancia T\u00e9cnica Suporte T\u00e9cnico<\/p>\n","protected":false},"author":1,"featured_media":0,"parent":0,"menu_order":0,"comment_status":"open","ping_status":"open","template":"","meta":{"footnotes":""},"class_list":["post-727","page","type-page","status-publish","hentry"],"_links":{"self":[{"href":"https:\/\/www.2atecnologia.com.br\/new\/index.php\/wp-json\/wp\/v2\/pages\/727","targetHints":{"allow":["GET"]}}],"collection":[{"href":"https:\/\/www.2atecnologia.com.br\/new\/index.php\/wp-json\/wp\/v2\/pages"}],"about":[{"href":"https:\/\/www.2atecnologia.com.br\/new\/index.php\/wp-json\/wp\/v2\/types\/page"}],"author":[{"embeddable":true,"href":"https:\/\/www.2atecnologia.com.br\/new\/index.php\/wp-json\/wp\/v2\/users\/1"}],"replies":[{"embeddable":true,"href":"https:\/\/www.2atecnologia.com.br\/new\/index.php\/wp-json\/wp\/v2\/comments?post=727"}],"version-history":[{"count":12,"href":"https:\/\/www.2atecnologia.com.br\/new\/index.php\/wp-json\/wp\/v2\/pages\/727\/revisions"}],"predecessor-version":[{"id":6246,"href":"https:\/\/www.2atecnologia.com.br\/new\/index.php\/wp-json\/wp\/v2\/pages\/727\/revisions\/6246"}],"wp:attachment":[{"href":"https:\/\/www.2atecnologia.com.br\/new\/index.php\/wp-json\/wp\/v2\/media?parent=727"}],"curies":[{"name":"wp","href":"https:\/\/api.w.org\/{rel}","templated":true}]}}