{"id":6193,"date":"2020-01-24T11:21:10","date_gmt":"2020-01-24T14:21:10","guid":{"rendered":"http:\/\/www.2atecnologia.com.br\/new\/?page_id=6193"},"modified":"2023-02-05T17:08:34","modified_gmt":"2023-02-05T20:08:34","slug":"software-bartender","status":"publish","type":"page","link":"https:\/\/www.2atecnologia.com.br\/new\/index.php\/software-bartender\/","title":{"rendered":"Software Bartender"},"content":{"rendered":"\n<div data-elementor-type=\"wp-page\" data-elementor-id=\"6193\" class=\"elementor elementor-6193\" data-elementor-post-type=\"page\">\n<section class=\"elementor-section elementor-top-section elementor-element elementor-element-4caf3a87 elementor-section-boxed elementor-section-height-default elementor-section-height-default\" data-id=\"4caf3a87\" data-element_type=\"section\">\n<div class=\"elementor-container elementor-column-gap-default\">\n<div class=\"elementor-column elementor-col-100 elementor-top-column elementor-element elementor-element-7c41e6bc\" data-id=\"7c41e6bc\" data-element_type=\"column\">\n<div class=\"elementor-widget-wrap elementor-element-populated\">\n<div class=\"elementor-element elementor-element-9497de4 elementor-widget elementor-widget-text-editor\" data-id=\"9497de4\" data-element_type=\"widget\" data-widget_type=\"text-editor.default\">\n<div class=\"elementor-widget-container\">\n<style>\/*! elementor - v3.16.0 - 09-10-2023 *\/\n.elementor-widget-text-editor.elementor-drop-cap-view-stacked .elementor-drop-cap{background-color:#69727d;color:#fff}.elementor-widget-text-editor.elementor-drop-cap-view-framed .elementor-drop-cap{color:#69727d;border:3px solid;background-color:transparent}.elementor-widget-text-editor:not(.elementor-drop-cap-view-default) .elementor-drop-cap{margin-top:8px}.elementor-widget-text-editor:not(.elementor-drop-cap-view-default) .elementor-drop-cap-letter{width:1em;height:1em}.elementor-widget-text-editor .elementor-drop-cap{float:left;text-align:center;line-height:1;font-size:50px}.elementor-widget-text-editor .elementor-drop-cap-letter{display:inline-block}<\/style>\n<p><!-- wp:image {\"id\":6190,\"sizeSlug\":\"large\",\"linkDestination\":\"custom\"} --><\/p>\n<figure class=\"wp-block-image size-large\"><a href=\"https:\/\/softwarebartender.2atec.com.br\"><img loading=\"lazy\" decoding=\"async\" class=\"alignnone wp-image-6190\" src=\"http:\/\/www.2atecnologia.com.br\/new\/wp-content\/uploads\/2020\/01\/bartender_software_3-1-1024x303.png\" alt=\"\" width=\"1024\" height=\"303\" srcset=\"https:\/\/www.2atecnologia.com.br\/new\/wp-content\/uploads\/2020\/01\/bartender_software_3-1-1024x303.png 1024w, https:\/\/www.2atecnologia.com.br\/new\/wp-content\/uploads\/2020\/01\/bartender_software_3-1-300x89.png 300w, https:\/\/www.2atecnologia.com.br\/new\/wp-content\/uploads\/2020\/01\/bartender_software_3-1-768x227.png 768w, https:\/\/www.2atecnologia.com.br\/new\/wp-content\/uploads\/2020\/01\/bartender_software_3-1-200x59.png 200w, https:\/\/www.2atecnologia.com.br\/new\/wp-content\/uploads\/2020\/01\/bartender_software_3-1.png 1272w\" sizes=\"auto, (max-width: 1024px) 100vw, 1024px\" \/><\/a><\/p>\n<p>\u00a0<\/p><figcaption><a href=\"https:\/\/softwarebartender.2atec.com.br\" target=\"_blank\" rel=\"noopener\">Clique na imagem para maiores detalhes do Bartender<\/a><\/figcaption><\/figure>\n<p><!-- \/wp:image --><\/p>\n<p><!-- wp:paragraph --><\/p>\n<p>Nenhuma solu\u00e7\u00e3o de etiquetagem de c\u00f3digo de barras est\u00e1 completa sem o software certo para criar, automatizar e gerenciar etiquetas. Com o BarTender\u00ae da Seagull Scientific, voc\u00ea pode maximizar seu investimento com essa ferramenta desenvolvida para desenhar, imprimir e gerenciar o sistema de impress\u00e3o de etiquetas.<\/p>\n<p><!-- \/wp:paragraph --><\/p>\n<p><!-- wp:heading {\"level\":3} --><\/p>\n<h3>Bartender Software 2019<\/h3>\n<p><!-- \/wp:heading --><\/p>\n<p><!-- wp:paragraph --><\/p>\n<p>O BarTender facilita a cria\u00e7\u00e3o, automa\u00e7\u00e3o e gerenciamento de c\u00f3digos de barras, etiquetas, tags RFID e muito mais. Ele \u00e9 simples de usar e escal\u00e1vel.<br \/>A solu\u00e7\u00e3o conta com tr\u00eas edi\u00e7\u00f5es para empresas de todos os tamanhos. O software BarTender \u00e9 uma solu\u00e7\u00e3o completa de etiquetagem.<\/p>\n<p><!-- \/wp:paragraph --><\/p>\n<p><!-- wp:paragraph --><\/p>\n<p>S\u00e3o tr\u00eas edi\u00e7\u00f5es do BarTender dispon\u00edveis, elas foram criadas para crescer juntamente com seu neg\u00f3cio, pois de acordo que sua demanda aumenta, voc\u00ea vai adicionando &#8220;printer licences&#8221; na sua rede, de forma escal\u00e1vel.<\/p>\n<p><!-- \/wp:paragraph --><\/p>\n<p><!-- wp:paragraph --><\/p>\n<p>Destacamos algumas caracater\u00edsticas<\/p>\n<p><!-- \/wp:paragraph --><\/p>\n<p><!-- wp:paragraph --><\/p>\n<p>\u2022 Desenho e impress\u00e3o de etiquetas simples<br \/>\u2022 Imprima a partir de planilhas e bancos de dados<br \/>\u2022 Crie formul\u00e1rios de entrada de dados \u2022 Codifique Etiquetas RFID e cart\u00f5es inteligentes<br \/>\u2022 Crie a\u00e7\u00f5es e integra\u00e7\u00f5es com seu sistema de gest\u00e3o<br \/>\u2022 Substitua milhares de arquivos de c\u00f3digo da impressora por um \u00fanico arquivo, usando nossos exclusivos Intelligent Templates \u2122<br \/>\u2022 Impress\u00e3o automatizada de etiquetas e r\u00f3tulos<br \/>\u2022 Integre facilmente a impress\u00e3o de etiquetas com qualquer ERP, WMS ou<br \/>\u2022 Aplique regras e l\u00f3gica de neg\u00f3cios a processos de impress\u00e3o automatizados<br \/>\u2022 Automatize a impress\u00e3o usando servi\u00e7os da Web e outros m\u00e9todos de transa\u00e7\u00f5es de dados<br \/>Gerenciamento seguro de etiquetas<br \/>\u2022 Gerencie e proteja centralmente todo o seu sistema de etiquetas<br \/>\u2022 Monitore o status de impress\u00e3o de etiquetas e tags em tempo real<br \/>\u2022 Veja o uso detalhado do sistema e o hist\u00f3rico de edi\u00e7\u00f5es<\/p>\n<p>Como comprar o app Software Bartender ?<\/p>\n<p>Para comprar a licen\u00e7a de uso do Bartender software de etiquetas basta entrar em contato conosco, pelo telefone (11)5631-7268 ou via whats app (11)95246-9907 teremos o prazer em ajud\u00e1-lo no seu projeto de impress\u00e3o de rotulagem empresarial e impress\u00e3o de etiquetas.<\/p>\n<p><!-- \/wp:paragraph --><\/p>\n<p><!-- wp:image {\"id\":6221,\"sizeSlug\":\"large\",\"linkDestination\":\"custom\"} --><\/p>\n<figure class=\"wp-block-image size-large\"><a href=\"https:\/\/softwarebartender.2atec.com.br\"><img loading=\"lazy\" decoding=\"async\" class=\"alignnone wp-image-6221\" src=\"http:\/\/www.2atecnologia.com.br\/new\/wp-content\/uploads\/2020\/01\/verticais-1024x605.png\" alt=\"\" width=\"1024\" height=\"605\" srcset=\"https:\/\/www.2atecnologia.com.br\/new\/wp-content\/uploads\/2020\/01\/verticais-1024x605.png 1024w, https:\/\/www.2atecnologia.com.br\/new\/wp-content\/uploads\/2020\/01\/verticais-300x177.png 300w, https:\/\/www.2atecnologia.com.br\/new\/wp-content\/uploads\/2020\/01\/verticais-768x454.png 768w, https:\/\/www.2atecnologia.com.br\/new\/wp-content\/uploads\/2020\/01\/verticais-1536x907.png 1536w, https:\/\/www.2atecnologia.com.br\/new\/wp-content\/uploads\/2020\/01\/verticais-2048x1210.png 2048w, https:\/\/www.2atecnologia.com.br\/new\/wp-content\/uploads\/2020\/01\/verticais-200x118.png 200w\" sizes=\"auto, (max-width: 1024px) 100vw, 1024px\" \/><\/a><\/figure>\n<p><!-- \/wp:image --><\/p>\n<\/p><\/div>\n<\/p><\/div>\n<\/p><\/div>\n<\/p><\/div>\n<\/p><\/div>\n<\/section><\/div>\n","protected":false},"excerpt":{"rendered":"<p>Nenhuma solu\u00e7\u00e3o de etiquetagem de c\u00f3digo de barras est\u00e1 completa sem o software certo para criar, automatizar e gerenciar etiquetas. Com o BarTender\u00ae da Seagull Scientific, voc\u00ea pode maximizar seu investimento com essa ferramenta desenvolvida para desenhar, imprimir e gerenciar o sistema de impress\u00e3o de etiquetas. Bartender Software 2019 O BarTender facilita a cria\u00e7\u00e3o, automa\u00e7\u00e3o [&hellip;]<\/p>\n","protected":false},"author":1,"featured_media":0,"parent":0,"menu_order":0,"comment_status":"closed","ping_status":"closed","template":"","meta":{"footnotes":""},"class_list":["post-6193","page","type-page","status-publish","hentry"],"_links":{"self":[{"href":"https:\/\/www.2atecnologia.com.br\/new\/index.php\/wp-json\/wp\/v2\/pages\/6193","targetHints":{"allow":["GET"]}}],"collection":[{"href":"https:\/\/www.2atecnologia.com.br\/new\/index.php\/wp-json\/wp\/v2\/pages"}],"about":[{"href":"https:\/\/www.2atecnologia.com.br\/new\/index.php\/wp-json\/wp\/v2\/types\/page"}],"author":[{"embeddable":true,"href":"https:\/\/www.2atecnologia.com.br\/new\/index.php\/wp-json\/wp\/v2\/users\/1"}],"replies":[{"embeddable":true,"href":"https:\/\/www.2atecnologia.com.br\/new\/index.php\/wp-json\/wp\/v2\/comments?post=6193"}],"version-history":[{"count":18,"href":"https:\/\/www.2atecnologia.com.br\/new\/index.php\/wp-json\/wp\/v2\/pages\/6193\/revisions"}],"predecessor-version":[{"id":7681,"href":"https:\/\/www.2atecnologia.com.br\/new\/index.php\/wp-json\/wp\/v2\/pages\/6193\/revisions\/7681"}],"wp:attachment":[{"href":"https:\/\/www.2atecnologia.com.br\/new\/index.php\/wp-json\/wp\/v2\/media?parent=6193"}],"curies":[{"name":"wp","href":"https:\/\/api.w.org\/{rel}","templated":true}]}}