{"id":6115,"date":"2020-01-13T14:46:14","date_gmt":"2020-01-13T17:46:14","guid":{"rendered":"http:\/\/www.2atecnologia.com.br\/new\/?page_id=6115"},"modified":"2021-09-27T15:16:08","modified_gmt":"2021-09-27T18:16:08","slug":"aluguel-de-coletores-de-dados","status":"publish","type":"page","link":"https:\/\/www.2atecnologia.com.br\/new\/index.php\/aluguel-de-coletores-de-dados\/","title":{"rendered":"Aluguel de Equipamentos"},"content":{"rendered":"<p>A 2A Tecnologia disponibiliza equipamentos coletores dados, impressoras e leitores de c\u00f3digo de barras para loca\u00e7\u00e3o, por per\u00edodos sazonais, di\u00e1rias ou loca\u00e7\u00e3o mensal. No caso dos coletores de dados RF\u00b4s  n\u00f3s encarregamos de fornecer os equipamentos e acess\u00f3rios incluindo  baterias extras, carregadores,bases comunicadoras,  licen\u00e7as Wavelink, todos prontos para opera\u00e7\u00e3o. <\/p>\n<h4 class=\"wp-block-heading\">Coletores de Dados RF\u00b4s<\/h4>\n<div class=\"wp-block-media-text alignwide is-stacked-on-mobile\" style=\"grid-template-columns:37% auto\">\n<figure class=\"wp-block-media-text__media\"><img loading=\"lazy\" decoding=\"async\" width=\"374\" height=\"284\" src=\"http:\/\/www.2atecnologia.com.br\/new\/wp-content\/uploads\/2020\/01\/Coletor_Rf.png\" alt=\"\" class=\"wp-image-6128 size-full\" srcset=\"https:\/\/www.2atecnologia.com.br\/new\/wp-content\/uploads\/2020\/01\/Coletor_Rf.png 374w, https:\/\/www.2atecnologia.com.br\/new\/wp-content\/uploads\/2020\/01\/Coletor_Rf-300x228.png 300w, https:\/\/www.2atecnologia.com.br\/new\/wp-content\/uploads\/2020\/01\/Coletor_Rf-200x152.png 200w\" sizes=\"auto, (max-width: 374px) 100vw, 374px\" \/><\/figure>\n<div class=\"wp-block-media-text__content\">\n<ul class=\"wp-block-list\">\n<li>Amplo estoque dispon\u00edvel                 <\/li>\n<li>Servi\u00e7o de customiza\u00e7\u00e3o e  configura\u00e7\u00e3o<\/li>\n<li>Suporte T\u00e9cnico especializado <\/li>\n<li>Equipamento de backup sem custo<\/li>\n<li>Assist\u00eancia T\u00e9cnica gratuita incluindo pe\u00e7as e m\u00e3o de obra     ** Exceto mal-uso<\/li>\n<li>Licen\u00e7as Wavelink pr\u00e9 instaladas<\/li>\n<li>Aplicativo de invent\u00e1rio gr\u00e1tis<\/li>\n<li>Desenvolvimento de apps sob medida<\/li>\n<\/ul>\n<\/div>\n<\/div>\n<h4 class=\"wp-block-heading\">Vantagens na loca\u00e7\u00e3o de coletores de dados<\/h4>\n<p>Dentre as principais vantagens na loca\u00e7\u00e3o desses equipamentos podemos destacar que a  gest\u00e3o dos equipamentos locados fica conosco, dessa forma o cliente pode focar no seu core-business, aumentando assim a produtividade. H\u00e1 tamb\u00e9m a redu\u00e7\u00e3o nos custos para empresas optantes pelo Lucro Real, pois os gastos com o aluguel entram como despesas operacionais, que s\u00e3o dedut\u00edveis de imposto de renda, gerando benef\u00edcio fiscal. As vantagens n\u00e3o param por a\u00ed, a loca\u00e7\u00e3o, auxil\u00eda na tomada de decis\u00e3o, pois a visibilidade e a acuricidade do estoque ir\u00e1 aumentar, fazendo com que o cliente possa planejar melhor a reposi\u00e7\u00e3o do estoque.  Alugando os equipamentos conosco, voc\u00ea pode facilmente gerenciar a demanda de loca\u00e7\u00e3o conforme aumenta ou diminui as necessidades,  trabalhamos com contrato flex\u00edveis.<\/p>\n<hr class=\"wp-block-separator is-style-wide\"\/>\n<h4 class=\"wp-block-heading\">Impressoras de Etiquetas<\/h4>\n<div class=\"wp-block-media-text alignwide is-stacked-on-mobile\">\n<figure class=\"wp-block-media-text__media\"><img loading=\"lazy\" decoding=\"async\" width=\"924\" height=\"398\" src=\"http:\/\/www.2atecnologia.com.br\/new\/wp-content\/uploads\/2020\/01\/impressora_etiquetas_zebra.png\" alt=\"\" class=\"wp-image-6135 size-full\" srcset=\"https:\/\/www.2atecnologia.com.br\/new\/wp-content\/uploads\/2020\/01\/impressora_etiquetas_zebra.png 924w, https:\/\/www.2atecnologia.com.br\/new\/wp-content\/uploads\/2020\/01\/impressora_etiquetas_zebra-300x129.png 300w, https:\/\/www.2atecnologia.com.br\/new\/wp-content\/uploads\/2020\/01\/impressora_etiquetas_zebra-768x331.png 768w, https:\/\/www.2atecnologia.com.br\/new\/wp-content\/uploads\/2020\/01\/impressora_etiquetas_zebra-200x86.png 200w\" sizes=\"auto, (max-width: 924px) 100vw, 924px\" \/><\/figure>\n<div class=\"wp-block-media-text__content\">\n<ul class=\"wp-block-list\">\n<li>Amplo estoque dispon\u00edvel                 <\/li>\n<li>Suporte T\u00e9cnico especializado <\/li>\n<li>Equipamento de backup sem custo<\/li>\n<li>Assist\u00eancia T\u00e9cnica gratuita incluindo pe\u00e7as e m\u00e3o de obra     ** Exceto mal-uso<\/li>\n<\/ul>\n<\/div>\n<\/div>\n<hr class=\"wp-block-separator is-style-wide\"\/>\n<h4 class=\"wp-block-heading\">Leitores de C\u00f3digo de Barras<\/h4>\n<div class=\"wp-block-media-text alignwide is-stacked-on-mobile\" style=\"grid-template-columns:32% auto\">\n<figure class=\"wp-block-media-text__media\"><img loading=\"lazy\" decoding=\"async\" width=\"409\" height=\"288\" src=\"http:\/\/www.2atecnologia.com.br\/new\/wp-content\/uploads\/2020\/01\/Leitores_zebra.png\" alt=\"\" class=\"wp-image-6141 size-full\" srcset=\"https:\/\/www.2atecnologia.com.br\/new\/wp-content\/uploads\/2020\/01\/Leitores_zebra.png 409w, https:\/\/www.2atecnologia.com.br\/new\/wp-content\/uploads\/2020\/01\/Leitores_zebra-300x211.png 300w, https:\/\/www.2atecnologia.com.br\/new\/wp-content\/uploads\/2020\/01\/Leitores_zebra-200x141.png 200w\" sizes=\"auto, (max-width: 409px) 100vw, 409px\" \/><\/figure>\n<div class=\"wp-block-media-text__content\">\n<ul class=\"wp-block-list\">\n<li>Amplo estoque dispon\u00edvel                 <\/li>\n<li>Suporte T\u00e9cnico especializado <\/li>\n<li>Equipamento de backup sem custo<\/li>\n<li>Assist\u00eancia T\u00e9cnica gratuita incluindo pe\u00e7as e m\u00e3o de obra     ** Exceto mal-uso<\/li>\n<\/ul>\n<\/div>\n<\/div>\n","protected":false},"excerpt":{"rendered":"<p>A 2A Tecnologia disponibiliza equipamentos coletores dados, impressoras e leitores de c\u00f3digo de barras para loca\u00e7\u00e3o, por per\u00edodos sazonais, di\u00e1rias ou loca\u00e7\u00e3o mensal. No caso dos coletores de dados RF\u00b4s n\u00f3s encarregamos de fornecer os equipamentos e acess\u00f3rios incluindo baterias extras, carregadores,bases comunicadoras, licen\u00e7as Wavelink, todos prontos para opera\u00e7\u00e3o. Coletores de Dados RF\u00b4s Amplo estoque [&hellip;]<\/p>\n","protected":false},"author":1,"featured_media":0,"parent":0,"menu_order":0,"comment_status":"closed","ping_status":"closed","template":"","meta":{"footnotes":""},"class_list":["post-6115","page","type-page","status-publish","hentry"],"_links":{"self":[{"href":"https:\/\/www.2atecnologia.com.br\/new\/index.php\/wp-json\/wp\/v2\/pages\/6115","targetHints":{"allow":["GET"]}}],"collection":[{"href":"https:\/\/www.2atecnologia.com.br\/new\/index.php\/wp-json\/wp\/v2\/pages"}],"about":[{"href":"https:\/\/www.2atecnologia.com.br\/new\/index.php\/wp-json\/wp\/v2\/types\/page"}],"author":[{"embeddable":true,"href":"https:\/\/www.2atecnologia.com.br\/new\/index.php\/wp-json\/wp\/v2\/users\/1"}],"replies":[{"embeddable":true,"href":"https:\/\/www.2atecnologia.com.br\/new\/index.php\/wp-json\/wp\/v2\/comments?post=6115"}],"version-history":[{"count":29,"href":"https:\/\/www.2atecnologia.com.br\/new\/index.php\/wp-json\/wp\/v2\/pages\/6115\/revisions"}],"predecessor-version":[{"id":6986,"href":"https:\/\/www.2atecnologia.com.br\/new\/index.php\/wp-json\/wp\/v2\/pages\/6115\/revisions\/6986"}],"wp:attachment":[{"href":"https:\/\/www.2atecnologia.com.br\/new\/index.php\/wp-json\/wp\/v2\/media?parent=6115"}],"curies":[{"name":"wp","href":"https:\/\/api.w.org\/{rel}","templated":true}]}}