{"id":45,"date":"2010-02-11T16:19:42","date_gmt":"2010-02-11T16:19:42","guid":{"rendered":"http:\/\/www.imediautama.com\/agivee\/?page_id=45"},"modified":"2022-10-18T16:05:00","modified_gmt":"2022-10-18T19:05:00","slug":"parcerias","status":"publish","type":"page","link":"https:\/\/www.2atecnologia.com.br\/new\/index.php\/sobrenos\/parcerias\/","title":{"rendered":"Parcerias Estrat\u00e9gicas"},"content":{"rendered":"<p style=\"text-align: justify;\">\u00a0 \u00a0 \u00a0 \u00a0 \u00a0\u00a0<img loading=\"lazy\" decoding=\"async\" class=\"alignnone\" src=\"http:\/\/www.2atecnologia.com.br\/new\/wp-content\/uploads\/2010\/02\/image303.jpg\" alt=\"\" width=\"67\" height=\"93\" \/>\u00a0 \u00a0 \u00a0 \u00a0 \u00a0 \u00a0\u00a0\u00a0<a href=\"http:\/\/www.2atecnologia.com.br\/new\/wp-content\/uploads\/2010\/02\/zebra_partner2.gif\"><img loading=\"lazy\" decoding=\"async\" class=\"  wp-image-3135 alignleft\" src=\"http:\/\/www.2atecnologia.com.br\/new\/wp-content\/uploads\/2010\/02\/zebra_partner2.gif\" alt=\"zebra_partner2\" width=\"163\" height=\"111\" \/><\/a><img loading=\"lazy\" decoding=\"async\" class=\"wp-image-6428 alignnone\" src=\"http:\/\/www.2atecnologia.com.br\/new\/wp-content\/uploads\/2020\/04\/Premier-Solutions-Partner.png\" alt=\"\" width=\"177\" height=\"104\" srcset=\"https:\/\/www.2atecnologia.com.br\/new\/wp-content\/uploads\/2020\/04\/Premier-Solutions-Partner.png 1500w, https:\/\/www.2atecnologia.com.br\/new\/wp-content\/uploads\/2020\/04\/Premier-Solutions-Partner-300x176.png 300w, https:\/\/www.2atecnologia.com.br\/new\/wp-content\/uploads\/2020\/04\/Premier-Solutions-Partner-1024x601.png 1024w, https:\/\/www.2atecnologia.com.br\/new\/wp-content\/uploads\/2020\/04\/Premier-Solutions-Partner-768x451.png 768w, https:\/\/www.2atecnologia.com.br\/new\/wp-content\/uploads\/2020\/04\/Premier-Solutions-Partner-200x117.png 200w\" sizes=\"auto, (max-width: 177px) 100vw, 177px\" \/><\/p>\n<p style=\"text-align: justify;\">\u00a0 \u00a0<img loading=\"lazy\" decoding=\"async\" class=\" alignleft\" src=\"http:\/\/www.2atecnologia.com.br\/new\/wp-content\/themes\/epsilon\/images\/logo_datamax.gif\" alt=\"\" width=\"113\" height=\"69\" \/><\/p>\n<p style=\"text-align: justify;\">Somos credenciados pelos maiores fabricantes e distribuidores internacionais de equipamentos e solu\u00e7\u00f5es, tais como: Motorola, Zebra, Datamax, Argox, SeagullScientific, Honeywell, Datalogic, PrimeInterway, IngramMicro,\u00a0PSI Tecnologia, Officer Distribuidora, entre outras.<\/p>\n<p style=\"text-align: justify;\">\u00a0\u00a0<img loading=\"lazy\" decoding=\"async\" class=\"  wp-image-3141 alignnone\" src=\"http:\/\/www.2atecnologia.com.br\/new\/wp-content\/uploads\/2010\/02\/prime.gif\" alt=\"prime\" width=\"183\" height=\"46\" \/>\u00a0 \u00a0 \u00a0 \u00a0 \u00a0 \u00a0<a href=\"http:\/\/www.2atecnologia.com.br\/new\/wp-content\/uploads\/2010\/02\/Officer.gif\"><img loading=\"lazy\" decoding=\"async\" class=\" size-full wp-image-3137 alignnone\" src=\"http:\/\/www.2atecnologia.com.br\/new\/wp-content\/uploads\/2010\/02\/Officer.gif\" alt=\"Officer\" width=\"200\" height=\"59\" \/><\/a><\/p>\n<p style=\"text-align: justify;\">\u00a0 \u00a0 \u00a0 \u00a0 \u00a0<a href=\"http:\/\/www.2atecnologia.com.br\/new\/wp-content\/uploads\/2010\/02\/INGRAM1.gif\"><img loading=\"lazy\" decoding=\"async\" class=\"  wp-image-3136 alignnone\" src=\"http:\/\/www.2atecnologia.com.br\/new\/wp-content\/uploads\/2010\/02\/INGRAM1.gif\" alt=\"INGRAM~1\" width=\"130\" height=\"63\" \/><\/a>\u00a0 \u00a0 \u00a0 \u00a0\u00a0 \u00a0 \u00a0 \u00a0 \u00a0 \u00a0 \u00a0 \u00a0 \u00a0 \u00a0 \u00a0 \u00a0 \u00a0<img loading=\"lazy\" decoding=\"async\" class=\" alignnone\" src=\"http:\/\/www.2atecnologia.com.br\/new\/wp-content\/themes\/epsilon\/images\/logo_psi.gif\" alt=\"\" width=\"84\" height=\"68\" \/><\/p>\n<h3><span style=\"color: #000000;\">Como essas parcerias beneficiam nossos clientes \u00a0?<\/span><\/h3>\n<div class=\"toggle\">\n<div class=\"toggle_title\">\n<h4>Suporte T\u00e9cnico<\/h4>\n<\/div>\n<div class=\"toggle_content\">Suporte T\u00e9cnico r\u00e1pido e eficiente, diretamente com os engenheiros dos fabricantes;<\/p>\n<div class=\"clear\"><\/div>\n<\/div>\n<\/div>\n<div class=\"toggle\">\n<div class=\"toggle_title\">\n<h4>Acesso \u00e0 alta tecnologia<\/h4>\n<\/div>\n<div class=\"toggle_content\">Acesso \u00e0 mais alta tecnologia em produtos e servi\u00e7os com crescimento escal\u00e1vel e sob-demanda;<\/p>\n<div class=\"clear\"><\/div>\n<\/div>\n<\/div>\n<div class=\"toggle\">\n<div class=\"toggle_title\">\n<h4>Utiliza\u00e7\u00e3o da TI de forma estrat\u00e9gica<\/h4>\n<\/div>\n<div class=\"toggle_content\">Tecnologia da Informa\u00e7\u00e3o como diferencial competitivo;<\/p>\n<div class=\"clear\"><\/div>\n<\/div>\n<\/div>\n<div class=\"toggle\">\n<div class=\"toggle_title\">\n<h4>Foco no <em>core-business<\/em><\/h4>\n<\/div>\n<div class=\"toggle_content\">Cliente com foco no pr\u00f3prio neg\u00f3cio;<\/p>\n<div class=\"clear\"><\/div>\n<\/div>\n<\/div>\n<div class=\"toggle\">\n<div class=\"toggle_title\">\n<h4>Redu\u00e7\u00e3o de Custos<\/h4>\n<\/div>\n<div class=\"toggle_content\">Modalidade de faturamento direto dos nossos distribuidores, evitando <em>bi-tributa\u00e7\u00e3o<\/em>, gerando redu\u00e7\u00e3o de custos;<\/p>\n<div class=\"clear\"><\/div>\n<\/div>\n<\/div>\n<div class=\"toggle\">\n<div class=\"toggle_title\">\n<h4>Inova\u00e7\u00e3o e Valor<\/h4>\n<\/div>\n<div class=\"toggle_content\">Agregando valor atrav\u00e9s da inova\u00e7\u00e3o, uma vez que a 2A Tecnologia, os fabricantes e distribuidores acompanham a tend\u00eancia de inovar tanto em produtos e servi\u00e7os como tamb\u00e9m em melhoria de processos e quebra de paradigmas;<\/p>\n<div class=\"clear\"><\/div>\n<\/div>\n<\/div>\n<div class=\"toggle\">\n<div class=\"toggle_title\">\n<h4>Produtos \u00e0 pronta-entrega<\/h4>\n<\/div>\n<div class=\"toggle_content\">Alta disponibilidade de estoque de mercadorias aliado a um sistema de log\u00edstica eficiente e eficaz;<\/p>\n<div class=\"clear\"><\/div>\n<\/div>\n<\/div>\n","protected":false},"excerpt":{"rendered":"<p>\u00a0 \u00a0 \u00a0 \u00a0 \u00a0\u00a0\u00a0 \u00a0 \u00a0 \u00a0 \u00a0 \u00a0\u00a0\u00a0 \u00a0 \u00a0 Somos credenciados pelos maiores fabricantes e distribuidores internacionais de equipamentos e solu\u00e7\u00f5es, tais como: Motorola, Zebra, Datamax, Argox, SeagullScientific, Honeywell, Datalogic, PrimeInterway, IngramMicro,\u00a0PSI Tecnologia, Officer Distribuidora, entre outras. \u00a0\u00a0\u00a0 \u00a0 \u00a0 \u00a0 \u00a0 \u00a0 \u00a0 \u00a0 \u00a0 \u00a0 \u00a0\u00a0 \u00a0 \u00a0 \u00a0\u00a0 \u00a0 [&hellip;]<\/p>\n","protected":false},"author":1,"featured_media":0,"parent":726,"menu_order":0,"comment_status":"open","ping_status":"open","template":"","meta":{"footnotes":""},"class_list":["post-45","page","type-page","status-publish","hentry"],"_links":{"self":[{"href":"https:\/\/www.2atecnologia.com.br\/new\/index.php\/wp-json\/wp\/v2\/pages\/45","targetHints":{"allow":["GET"]}}],"collection":[{"href":"https:\/\/www.2atecnologia.com.br\/new\/index.php\/wp-json\/wp\/v2\/pages"}],"about":[{"href":"https:\/\/www.2atecnologia.com.br\/new\/index.php\/wp-json\/wp\/v2\/types\/page"}],"author":[{"embeddable":true,"href":"https:\/\/www.2atecnologia.com.br\/new\/index.php\/wp-json\/wp\/v2\/users\/1"}],"replies":[{"embeddable":true,"href":"https:\/\/www.2atecnologia.com.br\/new\/index.php\/wp-json\/wp\/v2\/comments?post=45"}],"version-history":[{"count":58,"href":"https:\/\/www.2atecnologia.com.br\/new\/index.php\/wp-json\/wp\/v2\/pages\/45\/revisions"}],"predecessor-version":[{"id":7330,"href":"https:\/\/www.2atecnologia.com.br\/new\/index.php\/wp-json\/wp\/v2\/pages\/45\/revisions\/7330"}],"up":[{"embeddable":true,"href":"https:\/\/www.2atecnologia.com.br\/new\/index.php\/wp-json\/wp\/v2\/pages\/726"}],"wp:attachment":[{"href":"https:\/\/www.2atecnologia.com.br\/new\/index.php\/wp-json\/wp\/v2\/media?parent=45"}],"curies":[{"name":"wp","href":"https:\/\/api.w.org\/{rel}","templated":true}]}}