{"id":41,"date":"2010-02-11T16:18:08","date_gmt":"2010-02-11T16:18:08","guid":{"rendered":"http:\/\/www.imediautama.com\/agivee\/?page_id=41"},"modified":"2015-01-14T13:00:23","modified_gmt":"2015-01-14T16:00:23","slug":"what-we-do","status":"publish","type":"page","link":"https:\/\/www.2atecnologia.com.br\/new\/index.php\/sobrenos\/what-we-do\/","title":{"rendered":"O que n\u00f3s fazemos"},"content":{"rendered":"<p style=\"text-align: justify;\">A 2A ajuda as empresas a usarem a tecnologia como diferencial competitivo, isso se torna realidade com nossas solu\u00e7\u00f5es em toda cadeia de suprimentos.<\/p>\n<p style=\"text-align: justify;\">Desenhamos solu\u00e7\u00f5es inovadoras de acordo com suas necessidades, com atendimento r\u00e1pido, personalizado com pre\u00e7os justos e de mercado.<\/p>\n<h2>Planejamento e An\u00e1lise<\/h2>\n<div>\n<p style=\"text-align: justify;\">Voc\u00ea sabe que os objetivos dos neg\u00f3cios existem e h\u00e1 uma grande necessidade de alcan\u00e7\u00e1-los.\u00a0Mas os recursos s\u00e3o limitados e \u00a0se voc\u00ea n\u00e3o tiver certeza de como fazer os investimentos em tecnologia de forma correta, poder\u00e1 perder dinheiro.\u00a0N\u00f3s podemos ajudar.\u00a0Como se n\u00f3s fossemos uma extens\u00e3o de sua equipe, vamos trabalhar juntos com voc\u00ea para definir metas claras e criar as solu\u00e7\u00f5es de coleta de dados escal\u00e1veis que lhe permitem alcan\u00e7ar esses objetivos.<\/p>\n<p style=\"text-align: justify;\">Nossos servi\u00e7os de planejamento e an\u00e1lise de necessidades \u00a0come\u00e7am com um processo de revis\u00e3o, discuss\u00e3o das suas necessidades \u00a0que incluem:<\/p>\n<ul style=\"text-align: justify;\">\n<li>Avalia\u00e7\u00e3o dos processos de neg\u00f3cios<\/li>\n<li>An\u00e1lise de rede<\/li>\n<li>Requisitos de hardware<\/li>\n<li>Avalia\u00e7\u00e3o dos softwares existentes<\/li>\n<li>Investimento \/ processo de aquisi\u00e7\u00e3o<\/li>\n<li>Identificar keys de compra &#8211; IT, Opera\u00e7\u00f5es e Finan\u00e7as<\/li>\n<li>Levantar requisitos de log\u00edstica<\/li>\n<\/ul>\n<p style=\"text-align: justify;\">Com o conhecimento profundo de tecnologia e solu\u00e7\u00f5es de coleta de dados, n\u00f3s apoiamos os clientes nas implanta\u00e7\u00f5es dos projetos, ajudamos tamb\u00e9m, na elabora\u00e7\u00e3o de uma estrat\u00e9gia de integra\u00e7\u00e3o adequada a realidade do cliente.\u00a0Mas o nosso compromisso n\u00e3o termina por aqui.\u00a0N\u00f3s tamb\u00e9m oferecemos suporte completo p\u00f3s-implanta\u00e7\u00e3o, incluindo a gest\u00e3o dos equipamentos e servi\u00e7os de gerenciamento dos seus dispositivos m\u00f3veis.<\/p>\n<p style=\"text-align: justify;\">Conte conosco, iremos ajud\u00e1-lo a atingir seus objetivos de automa\u00e7\u00e3o e coleta de dados.<\/p>\n<\/div>\n","protected":false},"excerpt":{"rendered":"<p>A 2A ajuda as empresas a usarem a tecnologia como diferencial competitivo, isso se torna realidade com nossas solu\u00e7\u00f5es em toda cadeia de suprimentos. Desenhamos solu\u00e7\u00f5es inovadoras de acordo com suas necessidades, com atendimento r\u00e1pido, personalizado com pre\u00e7os justos e de mercado. Planejamento e An\u00e1lise Voc\u00ea sabe que os objetivos dos neg\u00f3cios existem e h\u00e1 [&hellip;]<\/p>\n","protected":false},"author":1,"featured_media":0,"parent":726,"menu_order":0,"comment_status":"closed","ping_status":"closed","template":"","meta":{"footnotes":""},"class_list":["post-41","page","type-page","status-publish","hentry"],"_links":{"self":[{"href":"https:\/\/www.2atecnologia.com.br\/new\/index.php\/wp-json\/wp\/v2\/pages\/41","targetHints":{"allow":["GET"]}}],"collection":[{"href":"https:\/\/www.2atecnologia.com.br\/new\/index.php\/wp-json\/wp\/v2\/pages"}],"about":[{"href":"https:\/\/www.2atecnologia.com.br\/new\/index.php\/wp-json\/wp\/v2\/types\/page"}],"author":[{"embeddable":true,"href":"https:\/\/www.2atecnologia.com.br\/new\/index.php\/wp-json\/wp\/v2\/users\/1"}],"replies":[{"embeddable":true,"href":"https:\/\/www.2atecnologia.com.br\/new\/index.php\/wp-json\/wp\/v2\/comments?post=41"}],"version-history":[{"count":10,"href":"https:\/\/www.2atecnologia.com.br\/new\/index.php\/wp-json\/wp\/v2\/pages\/41\/revisions"}],"predecessor-version":[{"id":1296,"href":"https:\/\/www.2atecnologia.com.br\/new\/index.php\/wp-json\/wp\/v2\/pages\/41\/revisions\/1296"}],"up":[{"embeddable":true,"href":"https:\/\/www.2atecnologia.com.br\/new\/index.php\/wp-json\/wp\/v2\/pages\/726"}],"wp:attachment":[{"href":"https:\/\/www.2atecnologia.com.br\/new\/index.php\/wp-json\/wp\/v2\/media?parent=41"}],"curies":[{"name":"wp","href":"https:\/\/api.w.org\/{rel}","templated":true}]}}