{"id":39,"date":"2010-02-11T16:17:16","date_gmt":"2010-02-11T16:17:16","guid":{"rendered":"http:\/\/www.imediautama.com\/agivee\/?page_id=39"},"modified":"2015-01-14T13:23:48","modified_gmt":"2015-01-14T16:23:48","slug":"visao-missao","status":"publish","type":"page","link":"https:\/\/www.2atecnologia.com.br\/new\/index.php\/sobrenos\/visao-missao\/","title":{"rendered":"Miss\u00e3o, Vis\u00e3o e Valores"},"content":{"rendered":"<p><a href=\"http:\/\/www.2atecnologia.com.br\/new\/index.php\/sobrenos\/visao-missao\/clouds\/\" rel=\"attachment wp-att-2869\"><img loading=\"lazy\" decoding=\"async\" class=\"wp-image-2869 alignleft\" title=\"clouds\" src=\"http:\/\/www.2atecnologia.com.br\/new\/wp-content\/uploads\/2010\/02\/clouds-300x84.jpg\" alt=\"\" width=\"600\" height=\"190\" \/><\/a><\/p>\n<h2><\/h2>\n<h2><\/h2>\n<h2><\/h2>\n<h2><\/h2>\n<h2><\/h2>\n<h2><\/h2>\n<h2>Miss\u00e3o<\/h2>\n<p style=\"text-align: justify;\">Fornecer solu\u00e7\u00f5es de TI inovadoras e criativas, agregando valor ao neg\u00f3cio de nossos clientes, reduzindo custos e gerando maior lucratividade.<\/p>\n<div>\n<p style=\"text-align: justify;\">Parte integrante da nossa miss\u00e3o \u00e9 superar as expectativas de nossos clientes.\u00a0Atrav\u00e9s da Honestidade, Integridade, Qualidade e Excel\u00eancia vamos trabalhar para estabelecer relacionamentos duradouros.<\/p>\n<p style=\"text-align: justify;\">A qualidade na presta\u00e7\u00e3o dos servi\u00e7os e aten\u00e7\u00e3o ao detalhe, deve demonstrar que n\u00f3s fazemos o nosso melhor para alcan\u00e7ar a satisfa\u00e7\u00e3o do cliente.\u00a0Dedicamo-nos a oferecer o mais alto n\u00edvel de servi\u00e7o para cada cliente, pois essa \u00e9 a raz\u00e3o de exist\u00eancia da empresa.<\/p>\n<\/div>\n<h2>Vis\u00e3o<\/h2>\n<p>Estar entre as empresas mais inovadoras em solu\u00e7\u00f5es de tecnologia;<\/p>\n<p>Sermos vistos como refer\u00eancia pelos clientes no que diz respeito a qualidade dos produtos e servi\u00e7os, capacidade de inova\u00e7\u00e3o e solu\u00e7\u00e3o de problemas, compromisso com os resultados e estilo de atendimento;<\/p>\n<p>&nbsp;<\/p>\n<h2>Valores<\/h2>\n<p>Sempre atuar dentro da \u00e9tica e profissionalismo;<\/p>\n<p>Foco no cliente;<\/p>\n<p>Respeito pelas pessoas e pela sociedade;<\/p>\n<p>Honestidade, Transpar\u00eancia nas decis\u00f5es e Comunica\u00e7\u00f5es;<\/p>\n<p>Criatividade e Inova\u00e7\u00e3o;<\/p>\n<p>Qualidade nos trabalhos realizados;<\/p>\n<p>Comprometimento e Espirito Colaborativo;<\/p>\n<p><img loading=\"lazy\" decoding=\"async\" class=\"aligncenter\" src=\"http:\/\/www.2atecnologia.com.br\/new\/wp-content\/uploads\/2010\/02\/visaomissao.jpg\" alt=\"\" width=\"324\" height=\"133\" \/><\/p>\n<p>&nbsp;<\/p>\n","protected":false},"excerpt":{"rendered":"<p>Miss\u00e3o Fornecer solu\u00e7\u00f5es de TI inovadoras e criativas, agregando valor ao neg\u00f3cio de nossos clientes, reduzindo custos e gerando maior lucratividade. Parte integrante da nossa miss\u00e3o \u00e9 superar as expectativas de nossos clientes.\u00a0Atrav\u00e9s da Honestidade, Integridade, Qualidade e Excel\u00eancia vamos trabalhar para estabelecer relacionamentos duradouros. A qualidade na presta\u00e7\u00e3o dos servi\u00e7os e aten\u00e7\u00e3o ao detalhe, [&hellip;]<\/p>\n","protected":false},"author":1,"featured_media":0,"parent":726,"menu_order":0,"comment_status":"closed","ping_status":"closed","template":"","meta":{"footnotes":""},"class_list":["post-39","page","type-page","status-publish","hentry"],"_links":{"self":[{"href":"https:\/\/www.2atecnologia.com.br\/new\/index.php\/wp-json\/wp\/v2\/pages\/39","targetHints":{"allow":["GET"]}}],"collection":[{"href":"https:\/\/www.2atecnologia.com.br\/new\/index.php\/wp-json\/wp\/v2\/pages"}],"about":[{"href":"https:\/\/www.2atecnologia.com.br\/new\/index.php\/wp-json\/wp\/v2\/types\/page"}],"author":[{"embeddable":true,"href":"https:\/\/www.2atecnologia.com.br\/new\/index.php\/wp-json\/wp\/v2\/users\/1"}],"replies":[{"embeddable":true,"href":"https:\/\/www.2atecnologia.com.br\/new\/index.php\/wp-json\/wp\/v2\/comments?post=39"}],"version-history":[{"count":14,"href":"https:\/\/www.2atecnologia.com.br\/new\/index.php\/wp-json\/wp\/v2\/pages\/39\/revisions"}],"predecessor-version":[{"id":1002,"href":"https:\/\/www.2atecnologia.com.br\/new\/index.php\/wp-json\/wp\/v2\/pages\/39\/revisions\/1002"}],"up":[{"embeddable":true,"href":"https:\/\/www.2atecnologia.com.br\/new\/index.php\/wp-json\/wp\/v2\/pages\/726"}],"wp:attachment":[{"href":"https:\/\/www.2atecnologia.com.br\/new\/index.php\/wp-json\/wp\/v2\/media?parent=39"}],"curies":[{"name":"wp","href":"https:\/\/api.w.org\/{rel}","templated":true}]}}