{"id":294,"date":"2010-10-05T07:27:44","date_gmt":"2010-10-05T07:27:44","guid":{"rendered":"http:\/\/wp-demo.indonez.com\/Epsilon\/?page_id=294"},"modified":"2013-01-29T12:13:42","modified_gmt":"2013-01-29T15:13:42","slug":"aplicacoes-customizadas","status":"publish","type":"page","link":"https:\/\/www.2atecnologia.com.br\/new\/index.php\/servicos-profissionais\/aplicacoes-customizadas\/","title":{"rendered":"Desenvolvimento sob medida"},"content":{"rendered":"<h4><a href=\"http:\/\/www.2atecnologia.com.br\/new\/index.php\/servicos\/aplicacoes-customizadas\/develop-3\/\" rel=\"attachment wp-att-1876\"><img loading=\"lazy\" decoding=\"async\" class=\"alignleft size-medium wp-image-1876\" title=\"develop\" src=\"http:\/\/www.2atecnologia.com.br\/new\/wp-content\/uploads\/2010\/10\/develop1-300x167.jpg\" alt=\"\" width=\"300\" height=\"167\" srcset=\"https:\/\/www.2atecnologia.com.br\/new\/wp-content\/uploads\/2010\/10\/develop1-300x167.jpg 300w, https:\/\/www.2atecnologia.com.br\/new\/wp-content\/uploads\/2010\/10\/develop1-200x111.jpg 200w, https:\/\/www.2atecnologia.com.br\/new\/wp-content\/uploads\/2010\/10\/develop1.jpg 301w\" sizes=\"auto, (max-width: 300px) 100vw, 300px\" \/><\/a>Ciclo de Vida do desenvolvimento de Solu\u00e7\u00f5es em Mobilidade Empresarial<\/h4>\n<p style=\"text-align: justify;\">A 2A Tecnologia possui v\u00e1rias aplica\u00e7\u00f5es prontas para in\u00fameras necessidades do mercado e seguimentos, essas aplica\u00e7\u00f5es podem ser customizadas de acordo com as particularidades e regras do seu neg\u00f3cio.<\/p>\n<p style=\"text-align: justify;\">Para desenvolver novas solu\u00e7\u00f5es inovadoras para os clientes, a 2A Tecnologia utiliza uma metodologia de servi\u00e7os voltada a abranger todos os aspectos das solu\u00e7\u00f5es de Mobilidade Empresarial desde o planejamento e implementa\u00e7\u00e3o do sistema at\u00e9 a gest\u00e3o, suporte e manuten\u00e7\u00e3o das solu\u00e7\u00f5es. \u00a0S\u00e3o consideradas 4 fases essenciais:<\/p>\n<h4 style=\"text-align: justify;\">Fase I &#8211; Planejamento,avalia\u00e7\u00e3o das necessidades e levantamento de requisitos<\/h4>\n<p style=\"text-align: justify;\">Planejamento, avalia\u00e7\u00e3o e levantamento de requisitos s\u00e3o os primeiros passos no desenvolvimento de solu\u00e7\u00f5es em mobilidade empresarial. Se voc\u00ea possui uma boa id\u00e9ia de como melhorar os processos de neg\u00f3cios de sua empresa, n\u00f3s temos \u00a0o know-how e o conhecimento em solu\u00e7\u00f5es m\u00f3veis, para juntos, desenvolvermos a solu\u00e7\u00e3o ideal e mais adequada para seu neg\u00f3cio. Desta forma, podemos vislumbrar como a solu\u00e7\u00e3o ir\u00e1 ajud\u00e1-lo a atingir seus objetivos na racionaliza\u00e7\u00e3o dos processos. Alguns benef\u00edcios do planejamento e avalia\u00e7\u00e3o inclui baixos custos de implementa\u00e7\u00e3o, avalia\u00e7\u00e3o das defici\u00eancias e oportunidades, onde temos um aumento significativo \u00a0no retorno dos investimentos.<\/p>\n<h4 style=\"text-align: justify;\">Fase II &#8211; An\u00e1lise, defini\u00e7\u00e3o do escopo e design\u00a0da Solu\u00e7\u00e3o<\/h4>\n<p style=\"text-align: justify;\">Transformamos suas necessidades em solu\u00e7\u00f5es, atrav\u00e9s de uma minuciosa an\u00e1lise dos requisitos levantados na fase anterior, nossos servi\u00e7os de design permitir\u00e1, que voc\u00ea d\u00ea foco no seu neg\u00f3cio, enquanto n\u00f3s desenhamos toda a solu\u00e7\u00e3o. Com acesso direto ao nosso time de an\u00e1lise e desenvolvimento, o cliente passa a ter uma vis\u00e3o clara de como a solu\u00e7\u00e3o ir\u00e1 funcionar. Fornecemos toda documenta\u00e7\u00e3o detalhada do aplicativo e da solu\u00e7\u00e3o, para que seja preparado o ambiente, futuras modifica\u00e7\u00f5es e melhorias. A an\u00e1lise \u00e9 importante pois minimiza o risco de implementa\u00e7\u00e3o e gera uma documenta\u00e7\u00e3o para orientar as opera\u00e7\u00f5es di\u00e1rias.<\/p>\n<h4 style=\"text-align: justify;\">Fase III &#8211; Implementa\u00e7\u00e3o da Solu\u00e7\u00e3o<\/h4>\n<p style=\"text-align: justify;\">Nossos servi\u00e7os profissionais ir\u00e3o ajud\u00e1-lo a implementar as novas solu\u00e7\u00f5es de forma r\u00e1pida e alinhado com os objetivos do neg\u00f3cio, cronograma e o or\u00e7amento. No decorrer da prepara\u00e7\u00e3o, instala\u00e7\u00e3o, integra\u00e7\u00e3o e testes n\u00f3s iremos ajud\u00e1-lo a manter as opera\u00e7\u00f5es funcionando, enquanto a implementa\u00e7\u00e3o e melhorias avan\u00e7am. Para transformar a solu\u00e7\u00e3o, de um conceito para um sistema de trabalho, muitas vezes \u00e9 necess\u00e1rio elementos de infra-estrutura e dispositivos m\u00f3veis para seu uso. N\u00f3s forneceremos todos elementos vitais para implementa\u00e7\u00e3o ser completa, do in\u00edcio ao fim, incluindo solu\u00e7\u00f5es de hardware, \u00a0software e infra-estrutura se for necess\u00e1rio. Destaque para os benef\u00edcios, pois a configura\u00e7\u00e3o \u00e9 r\u00e1pida, permite a integra\u00e7\u00e3o com dispositivos de fornecedores diferentes, solu\u00e7\u00e3o de problemas in loco, de forma r\u00e1pida.<\/p>\n<h4 style=\"text-align: justify;\">Fase IV &#8211; Gest\u00e3o e Apoio<\/h4>\n<p style=\"text-align: justify;\">A 2A Tecnologia oferece um plano de apoio integrado para suporte t\u00e9cnico total das solu\u00e7\u00f5es. Atrav\u00e9s do nosso conhecimento de anos, adquirido em v\u00e1rias solu\u00e7\u00f5es desenvolvidas e implementadas, criamos uma infra-estrutura completa de service desk para suportar e garantir a alta disponibilidade das solu\u00e7\u00f5es de automa\u00e7\u00e3o desenvolvidas por n\u00f3s. Mantemos uma equipe de t\u00e9cnicos altamente treinados para voc\u00ea obter respostas e solu\u00e7\u00f5es r\u00e1pidas para a maioria dos problemas, resolvidos logo na primeira chamada.<\/p>\n<p style=\"text-align: justify;\">\n","protected":false},"excerpt":{"rendered":"<p>Ciclo de Vida do desenvolvimento de Solu\u00e7\u00f5es em Mobilidade Empresarial A 2A Tecnologia possui v\u00e1rias aplica\u00e7\u00f5es prontas para in\u00fameras necessidades do mercado e seguimentos, essas aplica\u00e7\u00f5es podem ser customizadas de acordo com as particularidades e regras do seu neg\u00f3cio. Para desenvolver novas solu\u00e7\u00f5es inovadoras para os clientes, a 2A Tecnologia utiliza uma metodologia de servi\u00e7os [&hellip;]<\/p>\n","protected":false},"author":1,"featured_media":0,"parent":727,"menu_order":0,"comment_status":"closed","ping_status":"open","template":"","meta":{"footnotes":""},"class_list":["post-294","page","type-page","status-publish","hentry"],"_links":{"self":[{"href":"https:\/\/www.2atecnologia.com.br\/new\/index.php\/wp-json\/wp\/v2\/pages\/294","targetHints":{"allow":["GET"]}}],"collection":[{"href":"https:\/\/www.2atecnologia.com.br\/new\/index.php\/wp-json\/wp\/v2\/pages"}],"about":[{"href":"https:\/\/www.2atecnologia.com.br\/new\/index.php\/wp-json\/wp\/v2\/types\/page"}],"author":[{"embeddable":true,"href":"https:\/\/www.2atecnologia.com.br\/new\/index.php\/wp-json\/wp\/v2\/users\/1"}],"replies":[{"embeddable":true,"href":"https:\/\/www.2atecnologia.com.br\/new\/index.php\/wp-json\/wp\/v2\/comments?post=294"}],"version-history":[{"count":22,"href":"https:\/\/www.2atecnologia.com.br\/new\/index.php\/wp-json\/wp\/v2\/pages\/294\/revisions"}],"predecessor-version":[{"id":1977,"href":"https:\/\/www.2atecnologia.com.br\/new\/index.php\/wp-json\/wp\/v2\/pages\/294\/revisions\/1977"}],"up":[{"embeddable":true,"href":"https:\/\/www.2atecnologia.com.br\/new\/index.php\/wp-json\/wp\/v2\/pages\/727"}],"wp:attachment":[{"href":"https:\/\/www.2atecnologia.com.br\/new\/index.php\/wp-json\/wp\/v2\/media?parent=294"}],"curies":[{"name":"wp","href":"https:\/\/api.w.org\/{rel}","templated":true}]}}