{"id":286,"date":"2010-10-05T07:25:36","date_gmt":"2010-10-05T07:25:36","guid":{"rendered":"http:\/\/wp-demo.indonez.com\/Epsilon\/?page_id=286"},"modified":"2023-02-05T16:43:37","modified_gmt":"2023-02-05T19:43:37","slug":"assistencia-tecnica","status":"publish","type":"page","link":"https:\/\/www.2atecnologia.com.br\/new\/index.php\/servicos-profissionais\/assistencia-tecnica\/","title":{"rendered":"Assist\u00eancia T\u00e9cnica Especializada e Suporte t\u00e9cnico Bartender software de etiquetas"},"content":{"rendered":"<figure class=\"wp-block-image size-large\"><img loading=\"lazy\" decoding=\"async\" width=\"1024\" height=\"400\" src=\"http:\/\/www.2atecnologia.com.br\/new\/wp-content\/uploads\/2020\/01\/assistencia_tecnica-1024x400.png\" alt=\"\" class=\"wp-image-6214\" srcset=\"https:\/\/www.2atecnologia.com.br\/new\/wp-content\/uploads\/2020\/01\/assistencia_tecnica-1024x400.png 1024w, https:\/\/www.2atecnologia.com.br\/new\/wp-content\/uploads\/2020\/01\/assistencia_tecnica-300x117.png 300w, https:\/\/www.2atecnologia.com.br\/new\/wp-content\/uploads\/2020\/01\/assistencia_tecnica-768x300.png 768w, https:\/\/www.2atecnologia.com.br\/new\/wp-content\/uploads\/2020\/01\/assistencia_tecnica-200x78.png 200w, https:\/\/www.2atecnologia.com.br\/new\/wp-content\/uploads\/2020\/01\/assistencia_tecnica.png 1280w\" sizes=\"auto, (max-width: 1024px) 100vw, 1024px\" \/><\/figure>\n<p>Oferecemos servi\u00e7o de assist\u00eancia t\u00e9cnica em coletores de dados RF\u00b4s. Possu\u00edmos laborat\u00f3rio com t\u00e9cnicos certificados e amplo estoque de pe\u00e7as, entre em contato conosco para or\u00e7amento. Atendimento Bartender programa de etiquetas.<\/p>\n<p>Suporte t\u00e9cnico Bartender Software de etiquetas, entre em contato solicite um or\u00e7amento, oferecemos treinamento de uso do aplicativo, atendimento de suporte t\u00e9cnico mediante contrata\u00e7\u00e3o, chamados avulsos, ajudamos voc\u00ea a restabelecer o processo de emiss\u00e3o de etiquetas. Atendimento r\u00e1pido via acesso remoto, n\u00e3o fique sem imprimir suas etiquetas, contrate nosso servi\u00e7o. Fale com nossa equipe teremos prazer em te ajudar. Pe\u00e7a seu or\u00e7amento pelo whats app (11)95246-9907.<\/p>\n","protected":false},"excerpt":{"rendered":"<p>Oferecemos servi\u00e7o de assist\u00eancia t\u00e9cnica em coletores de dados RF\u00b4s. Possu\u00edmos laborat\u00f3rio com t\u00e9cnicos certificados e amplo estoque de pe\u00e7as, entre em contato conosco para or\u00e7amento. Atendimento Bartender programa de etiquetas. Suporte t\u00e9cnico Bartender Software de etiquetas, entre em contato solicite um or\u00e7amento, oferecemos treinamento de uso do aplicativo, atendimento de suporte t\u00e9cnico mediante contrata\u00e7\u00e3o, [&hellip;]<\/p>\n","protected":false},"author":1,"featured_media":667,"parent":727,"menu_order":0,"comment_status":"open","ping_status":"open","template":"","meta":{"footnotes":""},"class_list":["post-286","page","type-page","status-publish","has-post-thumbnail","hentry"],"_links":{"self":[{"href":"https:\/\/www.2atecnologia.com.br\/new\/index.php\/wp-json\/wp\/v2\/pages\/286","targetHints":{"allow":["GET"]}}],"collection":[{"href":"https:\/\/www.2atecnologia.com.br\/new\/index.php\/wp-json\/wp\/v2\/pages"}],"about":[{"href":"https:\/\/www.2atecnologia.com.br\/new\/index.php\/wp-json\/wp\/v2\/types\/page"}],"author":[{"embeddable":true,"href":"https:\/\/www.2atecnologia.com.br\/new\/index.php\/wp-json\/wp\/v2\/users\/1"}],"replies":[{"embeddable":true,"href":"https:\/\/www.2atecnologia.com.br\/new\/index.php\/wp-json\/wp\/v2\/comments?post=286"}],"version-history":[{"count":8,"href":"https:\/\/www.2atecnologia.com.br\/new\/index.php\/wp-json\/wp\/v2\/pages\/286\/revisions"}],"predecessor-version":[{"id":7678,"href":"https:\/\/www.2atecnologia.com.br\/new\/index.php\/wp-json\/wp\/v2\/pages\/286\/revisions\/7678"}],"up":[{"embeddable":true,"href":"https:\/\/www.2atecnologia.com.br\/new\/index.php\/wp-json\/wp\/v2\/pages\/727"}],"wp:featuredmedia":[{"embeddable":true,"href":"https:\/\/www.2atecnologia.com.br\/new\/index.php\/wp-json\/wp\/v2\/media\/667"}],"wp:attachment":[{"href":"https:\/\/www.2atecnologia.com.br\/new\/index.php\/wp-json\/wp\/v2\/media?parent=286"}],"curies":[{"name":"wp","href":"https:\/\/api.w.org\/{rel}","templated":true}]}}