{"id":283,"date":"2010-10-05T07:24:55","date_gmt":"2010-10-05T07:24:55","guid":{"rendered":"http:\/\/wp-demo.indonez.com\/Epsilon\/?page_id=283"},"modified":"2020-01-27T14:39:04","modified_gmt":"2020-01-27T17:39:04","slug":"bureau-de-etiquetas-2","status":"publish","type":"page","link":"https:\/\/www.2atecnologia.com.br\/new\/index.php\/servicos-profissionais\/bureau-de-etiquetas-2\/","title":{"rendered":"Bureau de Etiquetas"},"content":{"rendered":"<figure class=\"wp-block-image size-large\"><img loading=\"lazy\" decoding=\"async\" width=\"1024\" height=\"455\" src=\"http:\/\/www.2atecnologia.com.br\/new\/wp-content\/uploads\/2020\/01\/BUREAU_03-1024x455.png\" alt=\"\" class=\"wp-image-6209\" srcset=\"https:\/\/www.2atecnologia.com.br\/new\/wp-content\/uploads\/2020\/01\/BUREAU_03-1024x455.png 1024w, https:\/\/www.2atecnologia.com.br\/new\/wp-content\/uploads\/2020\/01\/BUREAU_03-300x133.png 300w, https:\/\/www.2atecnologia.com.br\/new\/wp-content\/uploads\/2020\/01\/BUREAU_03-768x341.png 768w, https:\/\/www.2atecnologia.com.br\/new\/wp-content\/uploads\/2020\/01\/BUREAU_03-200x89.png 200w, https:\/\/www.2atecnologia.com.br\/new\/wp-content\/uploads\/2020\/01\/BUREAU_03.png 1302w\" sizes=\"auto, (max-width: 1024px) 100vw, 1024px\" \/><\/figure>\n<p><span style=\"color: #888888;\">N\u00f3s tamb\u00e9m prestamos servi\u00e7os de confec\u00e7\u00e3o de etiquetas com c\u00f3digo de barras, textos e logotipos conforme a necessidade do cliente. Executamos servi\u00e7os de impress\u00e3o de dados vari\u00e1veis tais como: etiquetas de c\u00f3digo de barras de produtos em variados padr\u00f5es, etiquetas de endere\u00e7amento, pode ser tamb\u00e9m com numera\u00e7\u00e3o serializada. Produzimos suas etiquetas conforme a demanda e voc\u00ea paga apenas o que realmente necessita. Gerenciamos o estoque de etiquetas sem impress\u00e3o e faturamos na medida que s\u00e3o entregues.<\/span>  <\/p>\n<p>Consulte nossa equipe para or\u00e7amento.<\/p>\n","protected":false},"excerpt":{"rendered":"<p>N\u00f3s tamb\u00e9m prestamos servi\u00e7os de confec\u00e7\u00e3o de etiquetas com c\u00f3digo de barras, textos e logotipos conforme a necessidade do cliente. Executamos servi\u00e7os de impress\u00e3o de dados vari\u00e1veis tais como: etiquetas de c\u00f3digo de barras de produtos em variados padr\u00f5es, etiquetas de endere\u00e7amento, pode ser tamb\u00e9m com numera\u00e7\u00e3o serializada. Produzimos suas etiquetas conforme a demanda e [&hellip;]<\/p>\n","protected":false},"author":1,"featured_media":0,"parent":727,"menu_order":0,"comment_status":"open","ping_status":"open","template":"","meta":{"footnotes":""},"class_list":["post-283","page","type-page","status-publish","hentry"],"_links":{"self":[{"href":"https:\/\/www.2atecnologia.com.br\/new\/index.php\/wp-json\/wp\/v2\/pages\/283","targetHints":{"allow":["GET"]}}],"collection":[{"href":"https:\/\/www.2atecnologia.com.br\/new\/index.php\/wp-json\/wp\/v2\/pages"}],"about":[{"href":"https:\/\/www.2atecnologia.com.br\/new\/index.php\/wp-json\/wp\/v2\/types\/page"}],"author":[{"embeddable":true,"href":"https:\/\/www.2atecnologia.com.br\/new\/index.php\/wp-json\/wp\/v2\/users\/1"}],"replies":[{"embeddable":true,"href":"https:\/\/www.2atecnologia.com.br\/new\/index.php\/wp-json\/wp\/v2\/comments?post=283"}],"version-history":[{"count":19,"href":"https:\/\/www.2atecnologia.com.br\/new\/index.php\/wp-json\/wp\/v2\/pages\/283\/revisions"}],"predecessor-version":[{"id":6212,"href":"https:\/\/www.2atecnologia.com.br\/new\/index.php\/wp-json\/wp\/v2\/pages\/283\/revisions\/6212"}],"up":[{"embeddable":true,"href":"https:\/\/www.2atecnologia.com.br\/new\/index.php\/wp-json\/wp\/v2\/pages\/727"}],"wp:attachment":[{"href":"https:\/\/www.2atecnologia.com.br\/new\/index.php\/wp-json\/wp\/v2\/media?parent=283"}],"curies":[{"name":"wp","href":"https:\/\/api.w.org\/{rel}","templated":true}]}}