{"id":1564,"date":"2012-09-24T09:45:32","date_gmt":"2012-09-24T12:45:32","guid":{"rendered":"http:\/\/www.2atecnologia.com.br\/new\/?page_id=1564"},"modified":"2016-03-17T11:52:38","modified_gmt":"2016-03-17T14:52:38","slug":"solucoes","status":"publish","type":"page","link":"https:\/\/www.2atecnologia.com.br\/new\/index.php\/solucoes\/","title":{"rendered":"Solu\u00e7\u00f5es"},"content":{"rendered":"<p><img loading=\"lazy\" decoding=\"async\" src=\"http:\/\/www.2atecnologia.com.br\/new\/wp-content\/themes\/epsilon\/images\/Bartender_4.PNG\" alt=\"\" width=\"606\" height=\"77\" \/><\/p>\n<div class=\"toggle\">\n<div class=\"toggle_title\">\n<h4>Gerenciamento de Estoques<\/h4>\n<\/div>\n<div class=\"toggle_content\">Contag V1.0 &#8211; Sistema de Invent\u00e1rio de Estoque &#8211; Desenvolvido sob medida para Ind\u00fastria de Cosm\u00e9ticos<\/p>\n<p>Abaixo algumas telas do sistema. Pode ser customizado de acordo com suas necessidades e particularidades do seu neg\u00f3cio.\u00a0Compat\u00edvel com a maioria dos equipamentos na plataforma \u00a0Windows Mobile e CE.<\/p>\n<p><img decoding=\"async\" src=\"http:\/\/www.2atecnologia.com.br\/new\/wp-content\/themes\/epsilon\/images\/Contag_Tela01.jpg\" alt=\"\" \/>\u00a0\u00a0\u00a0\u00a0\u00a0\u00a0\u00a0\u00a0 <img decoding=\"async\" src=\"http:\/\/www.2atecnologia.com.br\/new\/wp-content\/themes\/epsilon\/images\/Contag_Tela03.jpg\" alt=\"\" \/><\/p>\n<p><img loading=\"lazy\" decoding=\"async\" src=\"http:\/\/www.2atecnologia.com.br\/new\/wp-content\/themes\/epsilon\/images\/Contag_Tela04.jpg\" alt=\"\" width=\"240\" height=\"320\" \/>\u00a0\u00a0\u00a0\u00a0\u00a0\u00a0\u00a0\u00a0\u00a0\u00a0<img decoding=\"async\" src=\"http:\/\/www.2atecnologia.com.br\/new\/wp-content\/themes\/epsilon\/images\/Contag_Tela05.jpg\" alt=\"\" \/><\/p>\n<p><img decoding=\"async\" src=\"http:\/\/www.2atecnologia.com.br\/new\/wp-content\/themes\/epsilon\/images\/Contag_Tela06.jpg\" alt=\"\" \/>\u00a0\u00a0\u00a0\u00a0\u00a0\u00a0\u00a0\u00a0\u00a0<img decoding=\"async\" src=\"http:\/\/www.2atecnologia.com.br\/new\/wp-content\/themes\/epsilon\/images\/Contag_Tela07.jpg\" alt=\"\" \/><\/p>\n<p><img decoding=\"async\" src=\"http:\/\/www.2atecnologia.com.br\/new\/wp-content\/themes\/epsilon\/images\/Contag_Tela08.jpg\" alt=\"\" \/>\u00a0\u00a0\u00a0\u00a0\u00a0\u00a0\u00a0\u00a0 <img loading=\"lazy\" decoding=\"async\" src=\"http:\/\/www.2atecnologia.com.br\/new\/wp-content\/themes\/epsilon\/images\/Contag_Tela09.jpg\" alt=\"\" width=\"240\" height=\"320\" \/><\/p>\n<div class=\"clear\"><\/div>\n<\/div>\n<\/div>\n<div class=\"toggle\">\n<div class=\"toggle_title\">\n<h4>Invent\u00e1rio<\/h4>\n<\/div>\n<div class=\"toggle_content\">Inv2A\u00a0V1.3 &#8211; Sistema de Invent\u00e1rio de Estoque e Patrimonial (Compat\u00edvel com diversos seguimentos de mercado)<\/p>\n<p>Abaixo algumas telas do sistema. Pode ser customizado de acordo com suas necessidades e particularidades do seu neg\u00f3cio.\u00a0Compat\u00edvel com a maioria dos equipamentos na plataforma \u00a0Windows Mobile e CE.<\/p>\n<p><img decoding=\"async\" src=\"http:\/\/www.2atecnologia.com.br\/new\/wp-content\/themes\/epsilon\/images\/Inv2A_Tela01.jpg\" alt=\"\" \/>\u00a0\u00a0\u00a0\u00a0\u00a0\u00a0\u00a0\u00a0\u00a0\u00a0<img decoding=\"async\" src=\"http:\/\/www.2atecnologia.com.br\/new\/wp-content\/themes\/epsilon\/images\/Inv2A_Tela02.jpg\" alt=\"\" \/><\/p>\n<p><img decoding=\"async\" src=\"http:\/\/www.2atecnologia.com.br\/new\/wp-content\/themes\/epsilon\/images\/Inv2A_Tela03.jpg\" alt=\"\" \/>\u00a0 \u00a0\u00a0\u00a0\u00a0\u00a0\u00a0\u00a0\u00a0<img decoding=\"async\" src=\"http:\/\/www.2atecnologia.com.br\/new\/wp-content\/themes\/epsilon\/images\/Inv2A_Tela04.jpg\" alt=\"\" \/><\/p>\n<p><img decoding=\"async\" src=\"http:\/\/www.2atecnologia.com.br\/new\/wp-content\/themes\/epsilon\/images\/Inv2A_Tela05.jpg\" alt=\"\" \/>\u00a0\u00a0\u00a0\u00a0\u00a0\u00a0\u00a0\u00a0<img decoding=\"async\" src=\"http:\/\/www.2atecnologia.com.br\/new\/wp-content\/themes\/epsilon\/images\/Inv2A_Tela06.jpg\" alt=\"\" \/><\/p>\n<p><img decoding=\"async\" src=\"http:\/\/www.2atecnologia.com.br\/new\/wp-content\/themes\/epsilon\/images\/Inv2A_Tela07.jpg\" alt=\"\" \/>\u00a0\u00a0\u00a0\u00a0\u00a0\u00a0\u00a0\u00a0 <img decoding=\"async\" src=\"http:\/\/www.2atecnologia.com.br\/new\/wp-content\/themes\/epsilon\/images\/Inv2A_Tela08.jpg\" alt=\"\" \/><\/p>\n<p><img decoding=\"async\" src=\"http:\/\/www.2atecnologia.com.br\/new\/wp-content\/themes\/epsilon\/images\/Inv2A_Tela09.jpg\" alt=\"\" \/><\/p>\n<div class=\"clear\"><\/div>\n<\/div>\n<\/div>\n<div class=\"toggle\">\n<div class=\"toggle_title\">\n<h4>For\u00e7a de Vendas para Ambientes Internos<\/h4>\n<\/div>\n<div class=\"toggle_content\">MobiPed: Esta solu\u00e7\u00e3o permite capturar pedidos em lojas, show-rooms e stands atrav\u00e9s de c\u00f3digo de c\u00f3digo de barras ou digita\u00e7\u00e3o, roda em equipamentos coletores de dados. Pr\u00e9 cadastro de clientes e produtos, descontos, comiss\u00e3o, etc. Permite trabalhar on-line atrav\u00e9s de rede wireless bem como em batch (off-line). No modo on-line os pedidos de venda s\u00e3o capturados pelo coletor de dados e enviados ao servidor em tempo real, onde poder\u00e3o ser impressos, alterados e exportados para o sistema de retaguarda do cliente no formato .txt. \u00c9 poss\u00edvel imprimir o pedido de venda atrav\u00e9s do coletor de dados. No modo off-line o sistema captura os pedidos e armazena na mem\u00f3ria do coletor, para serem descarregados no formato .txt posteriormente. Abaixo algumas telas da solu\u00e7\u00e3o. Poder\u00e1 ser customizado conforme as particularidades do seu neg\u00f3cio. Compat\u00edvel com a maioria dos equipamentos na plataforma \u00a0Windows Mobile e CE. Consulte-nos.<\/p>\n<p><img loading=\"lazy\" decoding=\"async\" src=\"http:\/\/www.2atecnologia.com.br\/new\/wp-content\/themes\/epsilon\/images\/mobiped_1.png\" alt=\"\" width=\"260\" height=\"320\" \/>\u00a0\u00a0\u00a0\u00a0\u00a0\u00a0\u00a0\u00a0\u00a0 \u00a0 <img loading=\"lazy\" decoding=\"async\" src=\"http:\/\/www.2atecnologia.com.br\/new\/wp-content\/themes\/epsilon\/images\/mobiped_2.png\" alt=\"\" width=\"250\" height=\"320\" \/><\/p>\n<p><img loading=\"lazy\" decoding=\"async\" src=\"http:\/\/www.2atecnologia.com.br\/new\/wp-content\/themes\/epsilon\/images\/mobiped_3.png\" alt=\"\" width=\"260\" height=\"318\" \/>\u00a0\u00a0\u00a0\u00a0\u00a0\u00a0\u00a0 \u00a0\u00a0\u00a0 <img loading=\"lazy\" decoding=\"async\" src=\"http:\/\/www.2atecnologia.com.br\/new\/wp-content\/themes\/epsilon\/images\/mobiped_4.png\" alt=\"\" width=\"250\" height=\"319\" \/><\/p>\n<p><img loading=\"lazy\" decoding=\"async\" src=\"http:\/\/www.2atecnologia.com.br\/new\/wp-content\/themes\/epsilon\/images\/mobiped_5.png\" alt=\"\" width=\"262\" height=\"319\" \/>\u00a0\u00a0\u00a0\u00a0\u00a0\u00a0 \u00a0\u00a0\u00a0 <img loading=\"lazy\" decoding=\"async\" src=\"http:\/\/www.2atecnologia.com.br\/new\/wp-content\/themes\/epsilon\/images\/mobiped_6.png\" alt=\"\" width=\"255\" height=\"318\" \/><\/p>\n<p><img loading=\"lazy\" decoding=\"async\" src=\"http:\/\/www.2atecnologia.com.br\/new\/wp-content\/themes\/epsilon\/images\/mobiped_7.png\" alt=\"\" width=\"262\" height=\"319\" \/>\u00a0\u00a0\u00a0\u00a0\u00a0 \u00a0\u00a0\u00a0 <img loading=\"lazy\" decoding=\"async\" src=\"http:\/\/www.2atecnologia.com.br\/new\/wp-content\/themes\/epsilon\/images\/mobiped_8.png\" alt=\"\" width=\"263\" height=\"319\" \/><\/p>\n<p><img loading=\"lazy\" decoding=\"async\" src=\"http:\/\/www.2atecnologia.com.br\/new\/wp-content\/themes\/epsilon\/images\/mobiped_9.png\" alt=\"\" width=\"263\" height=\"319\" \/><\/p>\n<p><img loading=\"lazy\" decoding=\"async\" src=\"http:\/\/www.2atecnologia.com.br\/new\/wp-content\/themes\/epsilon\/images\/mobiped_10.png\" alt=\"\" width=\"746\" height=\"408\" \/><\/p>\n<p><img loading=\"lazy\" decoding=\"async\" src=\"http:\/\/www.2atecnologia.com.br\/new\/wp-content\/themes\/epsilon\/images\/mobiped_11.png\" alt=\"\" width=\"746\" height=\"408\" \/><\/p>\n<div class=\"clear\"><\/div>\n<\/div>\n<\/div>\n<div class=\"toggle\">\n<div class=\"toggle_title\">\n<h4>Automa\u00e7\u00e3o For\u00e7a de Vendas<\/h4>\n<\/div>\n<div class=\"toggle_content\">\n<h4><strong>Automa\u00e7\u00e3o de for\u00e7a de vendas na palma da m\u00e3o<\/strong><\/h4>\n<p>SV\u00a0V3.7 &#8211; Sistema for\u00e7a de vendas &#8211; Fornecido como SaaS &#8211; Software como Servi\u00e7o<\/p>\n<p style=\"text-align: justify;\"><img loading=\"lazy\" decoding=\"async\" class=\"alignleft\" src=\"http:\/\/www.2atecnologia.com.br\/new\/wp-content\/themes\/epsilon\/images\/Sales_Force_Automation.jpg\" alt=\"\" width=\"213\" height=\"161\" \/><\/p>\n<div>\n<p style=\"text-align: justify;\">Multiplique a produtividade de sua for\u00e7a de vendas.\u00a0 Nossa solu\u00e7\u00e3o de For\u00e7a de Vendas otimiza o processo permitindo melhor planejamento com o agendamento pr\u00e9vio de visitas, disponibilizando informa\u00e7\u00f5es em tempo real e integradas aos sistemas, trazendo assim maior agilidade ao registro de pedidos. Al\u00e9m disso, fornece informa\u00e7\u00f5es gerenciais completas, que trazem mais controle e seguran\u00e7a na tomada de decis\u00f5es. \u00c9 o fim da papelada, de gastos constantes com atualiza\u00e7\u00f5es de cat\u00e1logos e listas de pre\u00e7os. Voc\u00ea garante o uso inteligente da mobilidade visualizando seu estoque e gr\u00e1ficos de desempenho em tempo real. Feche mais neg\u00f3cios, com mais rapidez. O sucesso nas vendas est\u00e1 nas suas m\u00e3os.<\/p>\n<h4><strong>Caracter\u00edsticas do Sistema<\/strong><\/h4>\n<div>\n<p lang=\"pt-BR\"><strong>Facilidade de uso:<\/strong><strong><br \/>\n<\/strong>Solu\u00e7\u00e3o\u00a0intuitiva e com curva de aprendizagem reduzida.<\/p>\n<p lang=\"pt-BR\"><strong>Entrada de pedidos:<br \/>\n<\/strong>Cadastre pedidos para clientes de forma r\u00e1pida e eficaz e aumente a agilidade dos processos na sua empresa.<\/p>\n<p lang=\"pt-BR\"><strong>Cadastro de clientes:<br \/>\n<\/strong>Insira o cadastro de novos clientes por meio do aplicativo de maneira \u00e1gil.<\/p>\n<p lang=\"pt-BR\"><strong>Sugest\u00e3o de pre\u00e7o de venda:<br \/>\n<\/strong>O aplicativo sugere automaticamente o pre\u00e7o de venda dos produtos para sua equipe de vendas de acordo com a tabela de pre\u00e7o.<\/p>\n<p lang=\"pt-BR\"><strong>Pesquisas de produto:<br \/>\n<\/strong>Efetue pesquisas no portf\u00f3lio de produtos de forma din\u00e2mica e operacional.<\/p>\n<p lang=\"pt-BR\"><strong>Informa\u00e7\u00e3o em tempo real:<br \/>\n<\/strong>Ao t\u00e9rmino da coleta e transmiss\u00e3o das informa\u00e7\u00f5es, os dados ficam dispon\u00edveis em tempo real para serem visualizados pela equipe no escrit\u00f3rio.<\/p>\n<p lang=\"pt-BR\"><strong>Solu\u00e7\u00e3o customiz\u00e1vel:<br \/>\n<\/strong>\u00c9 poss\u00edvel customizar o aplicativo na sua estrutura, campos, valida\u00e7\u00f5es e termos, adequando a solu\u00e7\u00e3o de acordo com as necessidades da sua empresa.<\/p>\n<p lang=\"pt-BR\"><strong>Acesso restrito:<br \/>\n<\/strong>Crie usu\u00e1rios de acesso para as aplica\u00e7\u00f5es de forma simples, com senhas individuais para cada pessoa<\/p>\n<p lang=\"pt-BR\"><strong>Multiplataforma:<br \/>\n<\/strong>O\u00a0aplicativo \u00e9 compat\u00edvel com m\u00faltiplas plataformas de sistemas operacionais.<\/p>\n<p lang=\"pt-BR\"><img decoding=\"async\" src=\"http:\/\/www.2atecnologia.com.br\/new\/wp-content\/themes\/epsilon\/images\/compatibilidade569x29.png\" alt=\"\" \/><\/p>\n<\/div>\n<\/div>\n<div class=\"clear\"><\/div>\n<\/div>\n<\/div>\n<div class=\"toggle\">\n<div class=\"toggle_title\">\n<h4>Pesquisas em Campo<\/h4>\n<\/div>\n<div class=\"toggle_content\">\n<div class=\"clear\"><\/div>\n<\/div>\n<\/div>\n<div class=\"toggle\">\n<div class=\"toggle_title\">\n<h4>Servi\u00e7os em Campo<\/h4>\n<\/div>\n<div class=\"toggle_content\">\n<div class=\"clear\"><\/div>\n<\/div>\n<\/div>\n<div class=\"toggle\">\n<div class=\"toggle_title\">\n<h4>Picking<\/h4>\n<\/div>\n<div class=\"toggle_content\">\n<div class=\"clear\"><\/div>\n<\/div>\n<\/div>\n<div class=\"toggle\">\n<div class=\"toggle_title\">\n<h4>Expedi\u00e7\u00e3o de Pallets<\/h4>\n<\/div>\n<div class=\"toggle_content\">Tec-Log V1.0 &#8211; Sistema Controle de Pallets &#8211; Desenvolvido sob medida para empresa de Log\u00edstica de Medicamentos<\/p>\n<p>Abaixo algumas telas do sistema. Pode ser customizado de acordo com suas necessidades e particularidades do seu neg\u00f3cio.\u00a0Compat\u00edvel com a maioria dos equipamentos na plataforma \u00a0Windows Mobile e CE.<\/p>\n<p><img decoding=\"async\" src=\"http:\/\/www.2atecnologia.com.br\/new\/wp-content\/themes\/epsilon\/images\/TecLog_Tela01.jpg\" alt=\"\" \/>\u00a0\u00a0\u00a0\u00a0\u00a0\u00a0\u00a0\u00a0 <img decoding=\"async\" src=\"http:\/\/www.2atecnologia.com.br\/new\/wp-content\/themes\/epsilon\/images\/TecLog_Tela02.jpg\" alt=\"\" \/><\/p>\n<p><img decoding=\"async\" src=\"http:\/\/www.2atecnologia.com.br\/new\/wp-content\/themes\/epsilon\/images\/TecLog_Tela03.jpg\" alt=\"\" \/>\u00a0\u00a0\u00a0\u00a0\u00a0\u00a0\u00a0\u00a0 <img decoding=\"async\" src=\"http:\/\/www.2atecnologia.com.br\/new\/wp-content\/themes\/epsilon\/images\/TecLog_Tela04.jpg\" alt=\"\" \/><\/p>\n<div class=\"clear\"><\/div>\n<\/div>\n<\/div>\n<div class=\"toggle\">\n<div class=\"toggle_title\">\n<h4>Gest\u00e3o de Varejo<\/h4>\n<\/div>\n<div class=\"toggle_content\">EasyTrade &#8211; Sistema de Gest\u00e3o de Com\u00e9rcios em Geral &#8211; Indicado para uso nos principais seguimentos de mercado tais como:<\/p>\n<h5>Cadastros:<\/h5>\n<p><img loading=\"lazy\" decoding=\"async\" src=\"http:\/\/www.2atecnologia.com.br\/new\/wp-content\/themes\/epsilon\/images\/EasyTrade_Tela01.jpg\" alt=\"\" width=\"489\" height=\"330\" \/><\/p>\n<h5>Gerenciamento do Estoque:<\/h5>\n<p><img loading=\"lazy\" decoding=\"async\" src=\"http:\/\/www.2atecnologia.com.br\/new\/wp-content\/themes\/epsilon\/images\/EasyTrade_Tela02.jpg\" alt=\"\" width=\"489\" height=\"330\" \/><\/p>\n<h5>Vendas:<\/h5>\n<p><img loading=\"lazy\" decoding=\"async\" src=\"http:\/\/www.2atecnologia.com.br\/new\/wp-content\/themes\/epsilon\/images\/EasyTrade_Tela03.gif\" alt=\"\" width=\"489\" height=\"330\" \/><\/p>\n<h5>Gerencial:<\/h5>\n<p><img loading=\"lazy\" decoding=\"async\" src=\"http:\/\/www.2atecnologia.com.br\/new\/wp-content\/themes\/epsilon\/images\/EasyTrade_Tela03.jpg\" alt=\"\" width=\"489\" height=\"330\" \/><\/p>\n<h5>Financeiro:<\/h5>\n<p><img loading=\"lazy\" decoding=\"async\" src=\"http:\/\/www.2atecnologia.com.br\/new\/wp-content\/themes\/epsilon\/images\/EasyTrade_Tela04.jpg\" alt=\"\" width=\"489\" height=\"330\" \/><\/p>\n<h5>Consultas e Relat\u00f3rios:<\/h5>\n<p><img loading=\"lazy\" decoding=\"async\" src=\"http:\/\/www.2atecnologia.com.br\/new\/wp-content\/themes\/epsilon\/images\/EasyTrade_Tela05.jpg\" alt=\"\" width=\"489\" height=\"330\" \/><\/p>\n<h5><\/h5>\n<h5>\n<div class=\"clear\"><\/div>\n<\/div>\n<\/div>\n<\/h5>\n<div class=\"toggle\">\n<div class=\"toggle_title\">\n<h4>Impress\u00e3o de C\u00f3digo de Barras<\/h4>\n<\/div>\n<div class=\"toggle_content\">\n<div class=\"clear\"><\/div>\n<\/div>\n<\/div>\n<div class=\"toggle\">\n<div class=\"toggle_title\">\n<h4>Integra\u00e7\u00e3o com ERP\u00b4s<\/h4>\n<\/div>\n<div class=\"toggle_content\">\n<div class=\"clear\"><\/div>\n<\/div>\n<\/div>\n<div class=\"toggle\">\n<div class=\"toggle_title\">\n<h4>Impress\u00e3o de etiquetas via Web<\/h4>\n<\/div>\n<div class=\"toggle_content\">WPS\u00a0V10.0 &#8211; Web Print Server &#8211; Fornecido como SaaS &#8211; Software como Servi\u00e7o<\/p>\n<p><img loading=\"lazy\" decoding=\"async\" class=\"alignleft\" src=\"http:\/\/www.2atecnologia.com.br\/new\/wp-content\/themes\/epsilon\/images\/WPS_04.png\" alt=\"\" width=\"145\" height=\"236\" \/>Atrav\u00e9s da internet \u00e9 poss\u00edvel imprimir etiquetas, comprovantes e tickets, voc\u00ea pode trabalhar com formul\u00e1rio de dados, \u00a0logotipos e tamb\u00e9m c\u00f3digos de barras lineares e 2D. Compat\u00edvel com qualquer dispositivo Mobile\u00a0que possui \u00a0navegador Web. Consulte-nos sobre sua necessidade, teremos prazer em atend\u00ea-lo.<\/p>\n<p>Para visualizar uma demo do sistema <img loading=\"lazy\" decoding=\"async\" class=\"alignright\" src=\"http:\/\/www.2atecnologia.com.br\/new\/wp-content\/themes\/epsilon\/images\/QRCODE_WPS.png\" alt=\"\" width=\"119\" height=\"106\" \/>acesse:\u00a0<a href=\"http:\/\/2atec.dyndns.org:8080\">http:\/\/2atec.dyndns.org:8080<\/a><\/p>\n<p>Leia o c\u00f3digo ao lado com a c\u00e2mera do seu smart-phone para\u00a0 visualizar\u00a0a solu\u00e7\u00e3o diretamente no browser do seu celular. (Necess\u00e1rio plugin de leitura QrCode no celular)<\/p>\n<p>Obs.: Para imprimir \u00e9 necess\u00e1rio ter o driver instalado no servidor e no dispositivo cliente. Na demonstra\u00e7\u00e3o disponibilizamos drivers para os seguintes modelos de impressoras instalados no servidor: Argox OS214 TT PPLA, Zebras TLP2844, S4M, Z4M e impress\u00e3o para PDF.<\/p>\n<p><img loading=\"lazy\" decoding=\"async\" src=\"http:\/\/www.2atecnologia.com.br\/new\/wp-content\/themes\/epsilon\/images\/WPS_01.jpg\" alt=\"\" width=\"489\" height=\"330\" \/><\/p>\n<p><img loading=\"lazy\" decoding=\"async\" src=\"http:\/\/www.2atecnologia.com.br\/new\/wp-content\/themes\/epsilon\/images\/WPS_02.jpg\" alt=\"\" width=\"489\" height=\"330\" \/><\/p>\n<p><img loading=\"lazy\" decoding=\"async\" src=\"http:\/\/www.2atecnologia.com.br\/new\/wp-content\/themes\/epsilon\/images\/WPS_03.jpg\" alt=\"\" width=\"489\" height=\"330\" \/><\/p>\n<div class=\"toggle\">\n<div class=\"toggle_title\">\n<h4>Impress\u00e3o de Cart\u00f5es de PVC<\/h4>\n<\/div>\n<div class=\"toggle_content\">\n<div class=\"clear\"><\/div>\n<\/div>\n<\/div>\n<div class=\"clear\"><\/div>\n<\/div>\n<\/div>\n<div class=\"toggle\">\n<div class=\"toggle_title\">\n<h4>Impress\u00e3o e grava\u00e7\u00e3o de etiquetas de RFID<\/h4>\n<\/div>\n<div class=\"toggle_content\">\n<div class=\"clear\"><\/div>\n<\/div>\n<\/div>\n","protected":false},"excerpt":{"rendered":"","protected":false},"author":1,"featured_media":0,"parent":0,"menu_order":0,"comment_status":"open","ping_status":"open","template":"","meta":{"footnotes":""},"class_list":["post-1564","page","type-page","status-publish","hentry"],"_links":{"self":[{"href":"https:\/\/www.2atecnologia.com.br\/new\/index.php\/wp-json\/wp\/v2\/pages\/1564","targetHints":{"allow":["GET"]}}],"collection":[{"href":"https:\/\/www.2atecnologia.com.br\/new\/index.php\/wp-json\/wp\/v2\/pages"}],"about":[{"href":"https:\/\/www.2atecnologia.com.br\/new\/index.php\/wp-json\/wp\/v2\/types\/page"}],"author":[{"embeddable":true,"href":"https:\/\/www.2atecnologia.com.br\/new\/index.php\/wp-json\/wp\/v2\/users\/1"}],"replies":[{"embeddable":true,"href":"https:\/\/www.2atecnologia.com.br\/new\/index.php\/wp-json\/wp\/v2\/comments?post=1564"}],"version-history":[{"count":106,"href":"https:\/\/www.2atecnologia.com.br\/new\/index.php\/wp-json\/wp\/v2\/pages\/1564\/revisions"}],"predecessor-version":[{"id":3550,"href":"https:\/\/www.2atecnologia.com.br\/new\/index.php\/wp-json\/wp\/v2\/pages\/1564\/revisions\/3550"}],"wp:attachment":[{"href":"https:\/\/www.2atecnologia.com.br\/new\/index.php\/wp-json\/wp\/v2\/media?parent=1564"}],"curies":[{"name":"wp","href":"https:\/\/api.w.org\/{rel}","templated":true}]}}