{"id":1306,"date":"2012-08-22T13:59:19","date_gmt":"2012-08-22T16:59:19","guid":{"rendered":"http:\/\/www.2atecnologia.com.br\/?page_id=1306"},"modified":"2020-01-27T16:15:23","modified_gmt":"2020-01-27T19:15:23","slug":"locacao-de-coletores-de-dados","status":"publish","type":"page","link":"https:\/\/www.2atecnologia.com.br\/new\/index.php\/locacao-de-coletores-de-dados\/","title":{"rendered":"Aluguel de Equipamentos"},"content":{"rendered":"<p><span style=\"color: #333333;\"><strong><span style=\"color: #888888;\">Coletores de Dados RF\u00b4s<\/span><\/strong><\/span><\/p>\n<p><span style=\"color: #888888;\">Loca\u00e7\u00e3o de Coletores de dados para contagem de estoque e controle de acesso em feiras e estandes.<\/span><\/p>\n<p><span style=\"color: #888888;\">As empresas agora podem contar com este servi\u00e7o, que \u00e9 loca\u00e7\u00e3o de coletor de dados, para balan\u00e7os,contagens de estoque, acesso em feiras \/ estandes e controle patrimonial.<\/span><\/p>\n<p><span style=\"color: #888888;\">Vantagens: Baixo custo e seguran\u00e7a nas informa\u00e7\u00f5es. O sistema utiliza tecnologia dos coletores de dados port\u00e1teis, com leitores laser de c\u00f3digo de barras acoplado,mobilizando menos pessoal.<\/span><\/p>\n<p><span style=\"color: #888888;\">Al\u00e9m da rapidez na contagem de seu estoque, os dados lidos s\u00e3o 100% confi\u00e1veis. Posteriormente, s\u00e3o transferidos para seu sistema de retaguarda num formato TXT, totalmente compat\u00edvel com os principais softwares gerenciais.<\/span><\/p>\n<p><span style=\"color: #888888;\">Resumindo: praticidade, rapidez e economia resultando em maior competitividade e lucratividade para seu neg\u00f3cio. Pode ser usado por empresas de diversos seguimentos: confec\u00e7\u00f5es, farm\u00e1cias, lojas em geral, dep\u00f3sitos e armazens.<\/span><\/p>\n<p><span style=\"color: #888888;\">Conhe\u00e7a todos os modelos dispon\u00edveis para loca\u00e7\u00e3o,\u00a0<a title=\"http:\/\/www.2atecnologia.com.br\/loja\/categorias.asp?item=3&amp;Categoria=19\" href=\"http:\/\/www.2atec.com.br\/loja\/index.php?route=product\/category&amp;path=20&amp;page=2\" target=\"_blank\" rel=\"noopener noreferrer\">acesse aqui<\/a>\u00a0em seguida escolha a marca desejada.<\/span><\/p>\n<p><span style=\"color: #888888;\">\u00a0<\/span><\/p>\n<p><span style=\"color: #888888;\">\u00a0<\/span><\/p>\n<p><span style=\"color: #888888;\">\u00a0<\/span><\/p>\n","protected":false},"excerpt":{"rendered":"<p>Coletores de Dados RF\u00b4s Loca\u00e7\u00e3o de Coletores de dados para contagem de estoque e controle de acesso em feiras e estandes. As empresas agora podem contar com este servi\u00e7o, que \u00e9 loca\u00e7\u00e3o de coletor de dados, para balan\u00e7os,contagens de estoque, acesso em feiras \/ estandes e controle patrimonial. Vantagens: Baixo custo e seguran\u00e7a nas informa\u00e7\u00f5es. [&hellip;]<\/p>\n","protected":false},"author":1,"featured_media":0,"parent":0,"menu_order":0,"comment_status":"closed","ping_status":"open","template":"","meta":{"footnotes":""},"class_list":["post-1306","page","type-page","status-publish","hentry"],"_links":{"self":[{"href":"https:\/\/www.2atecnologia.com.br\/new\/index.php\/wp-json\/wp\/v2\/pages\/1306","targetHints":{"allow":["GET"]}}],"collection":[{"href":"https:\/\/www.2atecnologia.com.br\/new\/index.php\/wp-json\/wp\/v2\/pages"}],"about":[{"href":"https:\/\/www.2atecnologia.com.br\/new\/index.php\/wp-json\/wp\/v2\/types\/page"}],"author":[{"embeddable":true,"href":"https:\/\/www.2atecnologia.com.br\/new\/index.php\/wp-json\/wp\/v2\/users\/1"}],"replies":[{"embeddable":true,"href":"https:\/\/www.2atecnologia.com.br\/new\/index.php\/wp-json\/wp\/v2\/comments?post=1306"}],"version-history":[{"count":9,"href":"https:\/\/www.2atecnologia.com.br\/new\/index.php\/wp-json\/wp\/v2\/pages\/1306\/revisions"}],"predecessor-version":[{"id":6111,"href":"https:\/\/www.2atecnologia.com.br\/new\/index.php\/wp-json\/wp\/v2\/pages\/1306\/revisions\/6111"}],"wp:attachment":[{"href":"https:\/\/www.2atecnologia.com.br\/new\/index.php\/wp-json\/wp\/v2\/media?parent=1306"}],"curies":[{"name":"wp","href":"https:\/\/api.w.org\/{rel}","templated":true}]}}