{"id":1064,"date":"2012-06-24T23:17:43","date_gmt":"2012-06-25T02:17:43","guid":{"rendered":"http:\/\/www.2atecnologia.com.br\/new\/"},"modified":"2020-01-27T16:07:44","modified_gmt":"2020-01-27T19:07:44","slug":"entre-em-contato","status":"publish","type":"page","link":"https:\/\/www.2atecnologia.com.br\/new\/index.php\/entre-em-contato\/","title":{"rendered":"Contato"},"content":{"rendered":"<h2>Central de Atendimento ao Cliente<\/h2>\n<p style=\"text-align: justify;\">Voc\u00ea poder\u00e1 entrar em contato conosco atrav\u00e9s do nosso televendas ou se preferir poder\u00e1 preencher seus dados juntamente com a descri\u00e7\u00e3o detalhada de sua necessidade no formul\u00e1rio abaixo, teremos &nbsp;prazer em atend\u00ea-lo.<br \/>\n<img loading=\"lazy\" decoding=\"async\" class=\"alignright\" src=\"http:\/\/www.2atecnologia.com.br\/new\/wp-content\/uploads\/2010\/02\/contato2.gif\" alt=\"\" width=\"140\" height=\"200\"><\/p>\n<h2>Formul\u00e1rio de Contato:<\/h2>\n<div class=\"wpcf7 no-js\" id=\"wpcf7-f1073-o1\" lang=\"en-US\" dir=\"ltr\">\n<div class=\"screen-reader-response\">\n<p role=\"status\" aria-live=\"polite\" aria-atomic=\"true\">\n<ul><\/ul>\n<\/div>\n<form action=\"\/new\/index.php\/wp-json\/wp\/v2\/pages\/1064#wpcf7-f1073-o1\" method=\"post\" class=\"wpcf7-form init\" aria-label=\"Contact form\" novalidate=\"novalidate\" data-status=\"init\">\n<div style=\"display: none;\">\n<input type=\"hidden\" name=\"_wpcf7\" value=\"1073\" \/><br \/>\n<input type=\"hidden\" name=\"_wpcf7_version\" value=\"5.7.7\" \/><br \/>\n<input type=\"hidden\" name=\"_wpcf7_locale\" value=\"en_US\" \/><br \/>\n<input type=\"hidden\" name=\"_wpcf7_unit_tag\" value=\"wpcf7-f1073-o1\" \/><br \/>\n<input type=\"hidden\" name=\"_wpcf7_container_post\" value=\"0\" \/><br \/>\n<input type=\"hidden\" name=\"_wpcf7_posted_data_hash\" value=\"\" \/>\n<\/div>\n<p>* Nome : * (Campos Obrigat\u00f3rios)\n<\/p>\n<p><span class=\"wpcf7-form-control-wrap\" data-name=\"your-name\"><input size=\"40\" class=\"wpcf7-form-control wpcf7-text wpcf7-validates-as-required\" aria-required=\"true\" aria-invalid=\"false\" value=\"\" type=\"text\" name=\"your-name\" \/><\/span>\n<\/p>\n<p>* Empresa :\n<\/p>\n<p><span class=\"wpcf7-form-control-wrap\" data-name=\"your-empresa\"><input size=\"40\" class=\"wpcf7-form-control wpcf7-text wpcf7-validates-as-required\" aria-required=\"true\" aria-invalid=\"false\" value=\"\" type=\"text\" name=\"your-empresa\" \/><\/span>\n<\/p>\n<p>* Cargo :\n<\/p>\n<p><span class=\"wpcf7-form-control-wrap\" data-name=\"your-cargo\"><input size=\"40\" class=\"wpcf7-form-control wpcf7-text wpcf7-validates-as-required\" aria-required=\"true\" aria-invalid=\"false\" value=\"\" type=\"text\" name=\"your-cargo\" \/><\/span>\n<\/p>\n<p>* Telefone :\n<\/p>\n<p><span class=\"wpcf7-form-control-wrap\" data-name=\"your-telefone\"><input size=\"40\" class=\"wpcf7-form-control wpcf7-text wpcf7-validates-as-required\" aria-required=\"true\" aria-invalid=\"false\" value=\"\" type=\"text\" name=\"your-telefone\" \/><\/span>\n<\/p>\n<p>* Seu e-mail :\n<\/p>\n<p><span class=\"wpcf7-form-control-wrap\" data-name=\"your-email\"><input size=\"40\" class=\"wpcf7-form-control wpcf7-text wpcf7-email wpcf7-validates-as-required wpcf7-validates-as-email\" aria-required=\"true\" aria-invalid=\"false\" value=\"\" type=\"email\" name=\"your-email\" \/><\/span>\n<\/p>\n<p>* Assunto :\n<\/p>\n<p><span class=\"wpcf7-form-control-wrap\" data-name=\"your-subject\"><input size=\"40\" class=\"wpcf7-form-control wpcf7-text\" aria-invalid=\"false\" value=\"\" type=\"text\" name=\"your-subject\" \/><\/span>\n<\/p>\n<p>* Sua mensagem:\n<\/p>\n<p><span class=\"wpcf7-form-control-wrap\" data-name=\"your-message\"><textarea cols=\"40\" rows=\"10\" class=\"wpcf7-form-control wpcf7-textarea\" aria-invalid=\"false\" name=\"your-message\"><\/textarea><\/span>\n<\/p>\n<p><input class=\"wpcf7-form-control has-spinner wpcf7-submit\" type=\"submit\" value=\"Enviar\" \/>\n<\/p>\n<p><input type=\"hidden\" name=\"_wpcf7_captcha_challenge_captcha-935\" value=\"2192225225\" \/><img loading=\"lazy\" decoding=\"async\" class=\"wpcf7-form-control wpcf7-captchac wpcf7-captcha-captcha-935\" width=\"72\" height=\"24\" alt=\"captcha\" src=\"https:\/\/www.2atecnologia.com.br\/new\/wp-content\/uploads\/wpcf7_captcha\/2192225225.png\" \/><span class=\"wpcf7-form-control-wrap\" data-name=\"captcha-935\"><input size=\"40\" class=\"wpcf7-form-control wpcf7-captchar\" autocomplete=\"off\" aria-invalid=\"false\" value=\"\" type=\"text\" name=\"captcha-935\" \/><\/span>\n<\/p>\n<div class=\"wpcf7-response-output\" aria-hidden=\"true\"><\/div>\n<\/form>\n<\/div>\n","protected":false},"excerpt":{"rendered":"<p>Central de Atendimento ao Cliente Voc\u00ea poder\u00e1 entrar em contato conosco atrav\u00e9s do nosso televendas ou se preferir poder\u00e1 preencher seus dados juntamente com a descri\u00e7\u00e3o detalhada de sua necessidade no formul\u00e1rio abaixo, teremos &nbsp;prazer em atend\u00ea-lo. Formul\u00e1rio de Contato:<\/p>\n","protected":false},"author":1,"featured_media":0,"parent":0,"menu_order":0,"comment_status":"open","ping_status":"open","template":"","meta":{"footnotes":""},"class_list":["post-1064","page","type-page","status-publish","hentry"],"_links":{"self":[{"href":"https:\/\/www.2atecnologia.com.br\/new\/index.php\/wp-json\/wp\/v2\/pages\/1064","targetHints":{"allow":["GET"]}}],"collection":[{"href":"https:\/\/www.2atecnologia.com.br\/new\/index.php\/wp-json\/wp\/v2\/pages"}],"about":[{"href":"https:\/\/www.2atecnologia.com.br\/new\/index.php\/wp-json\/wp\/v2\/types\/page"}],"author":[{"embeddable":true,"href":"https:\/\/www.2atecnologia.com.br\/new\/index.php\/wp-json\/wp\/v2\/users\/1"}],"replies":[{"embeddable":true,"href":"https:\/\/www.2atecnologia.com.br\/new\/index.php\/wp-json\/wp\/v2\/comments?post=1064"}],"version-history":[{"count":52,"href":"https:\/\/www.2atecnologia.com.br\/new\/index.php\/wp-json\/wp\/v2\/pages\/1064\/revisions"}],"predecessor-version":[{"id":6228,"href":"https:\/\/www.2atecnologia.com.br\/new\/index.php\/wp-json\/wp\/v2\/pages\/1064\/revisions\/6228"}],"wp:attachment":[{"href":"https:\/\/www.2atecnologia.com.br\/new\/index.php\/wp-json\/wp\/v2\/media?parent=1064"}],"curies":[{"name":"wp","href":"https:\/\/api.w.org\/{rel}","templated":true}]}}